{"id":6001,"date":"2020-04-12T13:05:31","date_gmt":"2020-04-12T10:05:31","guid":{"rendered":"https:\/\/homeemotion.lt\/toode\/sonicare-w-optimal-white-asendusharjapead-4tk\/"},"modified":"2026-04-17T20:36:31","modified_gmt":"2026-04-17T17:36:31","slug":"sonicare-w-optimal-white-asendusharjapead-4tk","status":"publish","type":"product","link":"https:\/\/homeemotion.lt\/lt\/toode\/sonicare-w-optimal-white-asendusharjapead-4tk\/","title":{"rendered":"\"Philips Sonicare W Optimal White\" dant\u0173 \u0161epet\u0117lio antgaliai 2 vnt., juodi"},"content":{"rendered":"<p><strong>Kuni 100% valgemad hambad vaid \u00fche n\u00e4dalaga*<\/strong><\/p>\n<p class=\"p-body-copy-02\">W2 Optimal White harjapea sobib ideaalselt neile, kes soovivad p\u00f5hjalikust puhastusest enamat, et eemaldada hammaste pinnalt plekid ja saavutada s\u00e4ravvalge naeratus. See harjapea sobib suurep\u00e4raselt ka professionaalsete valgenduste vahel hammaste s\u00e4ra s\u00e4ilitamiseks.<\/p>","protected":false},"excerpt":{"rendered":"<p>Sonicare W Optimal White asendusharjapead. Komplektis 4tk. BrushSync-re\u017eiimi \u00fchildumine. Sobivad: DiamondClean (Smart); ProtectiveClean; EasyClean; FlexCare (Connected); FlexCare Platinum; FlexCare+; Lastele; HealthyWhite; HealthyWhite+<\/p>","protected":false},"featured_media":17126,"template":"","meta":{"om_disable_all_campaigns":false,"_uf_show_specific_survey":0,"_uf_disable_surveys":false},"product_brand":[1096],"product_cat":[1051,985,986],"product_tag":[618],"class_list":{"0":"post-6001","1":"product","2":"type-product","3":"status-publish","4":"has-post-thumbnail","6":"product_brand-philips-ph","7":"product_cat-hambaharjad","8":"product_cat-ilu","9":"product_cat-ilutooted","10":"product_tag-philips-ph","12":"first","13":"instock","14":"taxable","15":"shipping-taxable","16":"purchasable","17":"product-type-simple"},"aioseo_notices":[],"_links":{"self":[{"href":"https:\/\/homeemotion.lt\/lt\/wp-json\/wp\/v2\/product\/6001","targetHints":{"allow":["GET"]}}],"collection":[{"href":"https:\/\/homeemotion.lt\/lt\/wp-json\/wp\/v2\/product"}],"about":[{"href":"https:\/\/homeemotion.lt\/lt\/wp-json\/wp\/v2\/types\/product"}],"wp:featuredmedia":[{"embeddable":true,"href":"https:\/\/homeemotion.lt\/lt\/wp-json\/wp\/v2\/media\/17126"}],"wp:attachment":[{"href":"https:\/\/homeemotion.lt\/lt\/wp-json\/wp\/v2\/media?parent=6001"}],"wp:term":[{"taxonomy":"product_brand","embeddable":true,"href":"https:\/\/homeemotion.lt\/lt\/wp-json\/wp\/v2\/product_brand?post=6001"},{"taxonomy":"product_cat","embeddable":true,"href":"https:\/\/homeemotion.lt\/lt\/wp-json\/wp\/v2\/product_cat?post=6001"},{"taxonomy":"product_tag","embeddable":true,"href":"https:\/\/homeemotion.lt\/lt\/wp-json\/wp\/v2\/product_tag?post=6001"}],"curies":[{"name":"wp","href":"https:\/\/api.w.org\/{rel}","templated":true}]}}