{"id":5992,"date":"2020-04-12T13:05:31","date_gmt":"2020-04-12T10:05:31","guid":{"rendered":"https:\/\/homeemotion.lt\/toode\/sonicare-c3-premium-plaque-control-asendusharjapead-4tk-2\/"},"modified":"2026-04-17T19:11:34","modified_gmt":"2026-04-17T16:11:34","slug":"sonicare-c3-premium-plaque-control-asendusharjapead-4tk-2","status":"publish","type":"product","link":"https:\/\/homeemotion.lt\/lt\/toode\/sonicare-c3-premium-plaque-control-asendusharjapead-4tk-2\/","title":{"rendered":"\"Philips Sonicare C3 Premium Plaque Defence\" dant\u0173 \u0161epet\u0117lio antgaliai"},"content":{"rendered":"<p><strong>Meie s\u00fcgavaimalt puhastav harjapea<\/strong><\/p>\n<p class=\"p-body-copy-02\">S\u00e4ravpuhas naeratus. Meie C3 Premium Plaque Defence kohandub hammaste ja igemete kontuuriga t\u00e4nu pehmetele ja painduvatele k\u00fclgedele, mis tagavad tavalise hambaharjaga** v\u00f5rreldes 4\u00d7 suurema kokkupuute pinnaga, et puhastada mugavamalt ja p\u00f5hjalikumalt.<\/p>","protected":false},"excerpt":{"rendered":"<p>Sonicare C3 Premium Plaque Control asendusharjapead. Komplektis 4tk. BrushSync-re\u017eiimi \u00fchildumine t\u00fc\u00fcpkinnitus. Sobivad: DiamondClean (Smart); ProtectiveClean; EasyClean; FlexCare (Connected); FlexCare Platinum; FlexCare+; Lastele; HealthyWhite; HealthyWhite+<\/p>","protected":false},"featured_media":17136,"template":"","meta":{"om_disable_all_campaigns":false,"_uf_show_specific_survey":0,"_uf_disable_surveys":false},"product_brand":[1096],"product_cat":[1051,985,986],"product_tag":[618],"class_list":{"0":"post-5992","1":"product","2":"type-product","3":"status-publish","4":"has-post-thumbnail","6":"product_brand-philips-ph","7":"product_cat-hambaharjad","8":"product_cat-ilu","9":"product_cat-ilutooted","10":"product_tag-philips-ph","12":"first","13":"instock","14":"taxable","15":"shipping-taxable","16":"purchasable","17":"product-type-simple"},"aioseo_notices":[],"_links":{"self":[{"href":"https:\/\/homeemotion.lt\/lt\/wp-json\/wp\/v2\/product\/5992","targetHints":{"allow":["GET"]}}],"collection":[{"href":"https:\/\/homeemotion.lt\/lt\/wp-json\/wp\/v2\/product"}],"about":[{"href":"https:\/\/homeemotion.lt\/lt\/wp-json\/wp\/v2\/types\/product"}],"wp:featuredmedia":[{"embeddable":true,"href":"https:\/\/homeemotion.lt\/lt\/wp-json\/wp\/v2\/media\/17136"}],"wp:attachment":[{"href":"https:\/\/homeemotion.lt\/lt\/wp-json\/wp\/v2\/media?parent=5992"}],"wp:term":[{"taxonomy":"product_brand","embeddable":true,"href":"https:\/\/homeemotion.lt\/lt\/wp-json\/wp\/v2\/product_brand?post=5992"},{"taxonomy":"product_cat","embeddable":true,"href":"https:\/\/homeemotion.lt\/lt\/wp-json\/wp\/v2\/product_cat?post=5992"},{"taxonomy":"product_tag","embeddable":true,"href":"https:\/\/homeemotion.lt\/lt\/wp-json\/wp\/v2\/product_tag?post=5992"}],"curies":[{"name":"wp","href":"https:\/\/api.w.org\/{rel}","templated":true}]}}