{"id":5974,"date":"2020-04-12T13:05:29","date_gmt":"2020-04-12T10:05:29","guid":{"rendered":"https:\/\/homeemotion.lt\/toode\/elektriline-hambahari-sonicare-4\/"},"modified":"2026-04-17T15:37:11","modified_gmt":"2026-04-17T12:37:11","slug":"elektriline-hambahari-sonicare-4","status":"publish","type":"product","link":"https:\/\/homeemotion.lt\/lt\/toode\/elektriline-hambahari-sonicare-4\/","title":{"rendered":"Elektrinis dant\u0173 \u0161epet\u0117lis \"Philips Sonicare ProtectiveClean 5100"},"content":{"rendered":"<p><strong>Tervemad igemed. \u00d5rn puhastamine.<\/strong><\/p>\n<p class=\"p-body-copy-02\">Tunnetage \u00f5rna puhastamise erinevust t\u00e4nu surveandurile ja parandage oma igemete tervist kuni 100% tavalise hambaharjaga v\u00f5rreldes.<\/p>","protected":false},"excerpt":{"rendered":"<p>Sonicare ProtectiveClean 5100 hambahari. 2 harjakomplekti. Sisseehitatud surveandur. BrushSynci harjapea vahetamise meeldetuletus. 1x laadija. reisivutlar (laadijata). 2 hambaharja. kaasas 2 harjapead (2xW2). 3 puhastusre\u017eiimi. Aku kuni 2 n\u00e4dalat. Loe kampaania tingimuste kohta t\u00e4psemalt<\/p>","protected":false},"featured_media":17134,"template":"","meta":{"om_disable_all_campaigns":false,"_uf_show_specific_survey":0,"_uf_disable_surveys":false},"product_brand":[1096],"product_cat":[1051,985,986],"product_tag":[618],"class_list":{"0":"post-5974","1":"product","2":"type-product","3":"status-publish","4":"has-post-thumbnail","6":"product_brand-philips-ph","7":"product_cat-hambaharjad","8":"product_cat-ilu","9":"product_cat-ilutooted","10":"product_tag-philips-ph","12":"first","13":"instock","14":"taxable","15":"shipping-taxable","16":"purchasable","17":"product-type-simple"},"aioseo_notices":[],"_links":{"self":[{"href":"https:\/\/homeemotion.lt\/lt\/wp-json\/wp\/v2\/product\/5974","targetHints":{"allow":["GET"]}}],"collection":[{"href":"https:\/\/homeemotion.lt\/lt\/wp-json\/wp\/v2\/product"}],"about":[{"href":"https:\/\/homeemotion.lt\/lt\/wp-json\/wp\/v2\/types\/product"}],"wp:featuredmedia":[{"embeddable":true,"href":"https:\/\/homeemotion.lt\/lt\/wp-json\/wp\/v2\/media\/17134"}],"wp:attachment":[{"href":"https:\/\/homeemotion.lt\/lt\/wp-json\/wp\/v2\/media?parent=5974"}],"wp:term":[{"taxonomy":"product_brand","embeddable":true,"href":"https:\/\/homeemotion.lt\/lt\/wp-json\/wp\/v2\/product_brand?post=5974"},{"taxonomy":"product_cat","embeddable":true,"href":"https:\/\/homeemotion.lt\/lt\/wp-json\/wp\/v2\/product_cat?post=5974"},{"taxonomy":"product_tag","embeddable":true,"href":"https:\/\/homeemotion.lt\/lt\/wp-json\/wp\/v2\/product_tag?post=5974"}],"curies":[{"name":"wp","href":"https:\/\/api.w.org\/{rel}","templated":true}]}}