{"id":5900,"date":"2020-04-12T13:01:00","date_gmt":"2020-04-12T10:01:00","guid":{"rendered":"https:\/\/homeemotion.lt\/toode\/raseerimisseade-philips-bodygroom-2\/"},"modified":"2026-04-17T19:11:20","modified_gmt":"2026-04-17T16:11:20","slug":"raseerimisseade-philips-bodygroom-2","status":"publish","type":"product","link":"https:\/\/homeemotion.lt\/lt\/toode\/raseerimisseade-philips-bodygroom-2\/","title":{"rendered":"\"Bodygroom\" skustuvas"},"content":{"rendered":"<p><strong>K\u00f5ikide kehapiirkondade sujuv raseerimine<\/strong><\/p>\n<p class=\"p-body-copy-02\">Seeria 5000 on loodud t\u00f5husaks kehakarvade raseerimiseks, ohverdamata naha mugavustunnet. Sobib nii rinnakarvade kui ka v\u00f5i raskesti ligip\u00e4\u00e4setavate kohtade, n\u00e4iteks selja raseerimiseks. Saate kasutada nahas\u00f5bralikku raseerijat v\u00f5i kl\u00f5psata piiramiseks k\u00fclge 3, 5 v\u00f5i 7 mm kammi.<\/p>","protected":false},"excerpt":{"rendered":"<p>100% veekindel. Nahas\u00f5bralik pardel. 3 k\u00fclgekl\u00f5psatavat kammi, 3, 5, 7 mm. Aku: 60 min juhtmeta kasut. \/ 1 h laadimist. Seljatarvik<\/p>","protected":false},"featured_media":16836,"template":"","meta":{"om_disable_all_campaigns":false,"_uf_show_specific_survey":0,"_uf_disable_surveys":false},"product_brand":[1096],"product_cat":[985,986,991,1076],"product_tag":[618],"class_list":{"0":"post-5900","1":"product","2":"type-product","3":"status-publish","4":"has-post-thumbnail","6":"product_brand-philips-ph","7":"product_cat-ilu","8":"product_cat-ilutooted","9":"product_cat-trimmerid","10":"product_cat-trimmerid-trimmerid","11":"product_tag-philips-ph","13":"first","14":"instock","15":"taxable","16":"shipping-taxable","17":"purchasable","18":"product-type-simple"},"aioseo_notices":[],"_links":{"self":[{"href":"https:\/\/homeemotion.lt\/lt\/wp-json\/wp\/v2\/product\/5900","targetHints":{"allow":["GET"]}}],"collection":[{"href":"https:\/\/homeemotion.lt\/lt\/wp-json\/wp\/v2\/product"}],"about":[{"href":"https:\/\/homeemotion.lt\/lt\/wp-json\/wp\/v2\/types\/product"}],"wp:featuredmedia":[{"embeddable":true,"href":"https:\/\/homeemotion.lt\/lt\/wp-json\/wp\/v2\/media\/16836"}],"wp:attachment":[{"href":"https:\/\/homeemotion.lt\/lt\/wp-json\/wp\/v2\/media?parent=5900"}],"wp:term":[{"taxonomy":"product_brand","embeddable":true,"href":"https:\/\/homeemotion.lt\/lt\/wp-json\/wp\/v2\/product_brand?post=5900"},{"taxonomy":"product_cat","embeddable":true,"href":"https:\/\/homeemotion.lt\/lt\/wp-json\/wp\/v2\/product_cat?post=5900"},{"taxonomy":"product_tag","embeddable":true,"href":"https:\/\/homeemotion.lt\/lt\/wp-json\/wp\/v2\/product_tag?post=5900"}],"curies":[{"name":"wp","href":"https:\/\/api.w.org\/{rel}","templated":true}]}}