{"id":5879,"date":"2020-04-12T13:00:58","date_gmt":"2020-04-12T10:00:58","guid":{"rendered":"https:\/\/homeemotion.lt\/toode\/asenduspead-philips-pardlite-seeriale-3000-ja-1000\/"},"modified":"2026-04-21T14:13:35","modified_gmt":"2026-04-21T11:13:35","slug":"asenduspead-philips-pardlite-seeriale-3000-ja-1000","status":"publish","type":"product","link":"https:\/\/homeemotion.lt\/lt\/toode\/asenduspead-philips-pardlite-seeriale-3000-ja-1000\/","title":{"rendered":"\"Philips\" 3000 ir 1000 serijos plok\u0161\u010di\u0173 atsargin\u0117s galvut\u0117s"},"content":{"rendered":"<p>Kahe aasta jooksul l\u00f5ikavad raseerimispead teie n\u00e4olt 9 miljonit karva. Vahetage raseerimispead v\u00e4lja, et tagada taas 100% j\u00f5udlus. \u00dchildub seeria 3000 ja seeria 1000 pardlitega.<\/p>\n<div class=\"s01highlight s01-highlights-banner component-base\">\n<section class=\"p-s01-highlights\">\n<div class=\"p-row-gutter p-comp-spacing-bottom\">\n<h2 class=\"p-heading-02 p-heading-medium p-s01__highlights-title\">Muutke oma raseerija justkui uueks<\/h2>\n<h3 class=\"p-heading-03 p-heading-medium p-s01__highlights-subtitle\">Parimate tulemuste saavutamiseks vahetage raseerimisp\u00e4id iga kahe aasta j\u00e4rel.<\/h3>\n<ul class=\"p-bullets p-large p-s01__bullets p-heading-medium\">\n<li class=\"p-s01__bullet\">ComfortCuti l\u00f5iketerad<\/li>\n<li class=\"p-s01__bullet\">Sobib mudelile S3000 (S3xxx)<\/li>\n<li class=\"p-s01__bullet\">Sobib mudelile S1000 (S1xxx)<\/li>\n<li class=\"p-s01__bullet\">Sobib Star Warsi pardlile SW37xx<\/li>\n<\/ul>\n<\/div>\n<\/section>\n<\/div>\n<div class=\"productFeatures s12-product-features component-base\">\n<section class=\"p-complete p-s12-product-features\" data-close-popup-label=\"Tagasi\">\n<div class=\"p-row-gutter p-comp-spacing-bottom\">\n<div class=\"p-s12__feature-list\">\n<div class=\"p-s12__row\">\n<div class=\"p-s12__feature-item p-spacing-bottom-c\">\n<div class=\"p-s12__feature-image p-spacing-bottom-a\"><img decoding=\"async\" class=\"\" src=\"https:\/\/images.philips.com\/is\/image\/PhilipsConsumer\/F400086302-FIL-global-001?wid=305&amp;hei=173&amp;$jpglarge$\" alt=\"Asenduspead pardlite seeriatele 3000 ja 1000\" \/><\/div>\n<div class=\"p-s12__feature-description p-spacing-bottom-a\">\n<h3 class=\"p-heading-04-large p-heading-bold p-feature-title\">Asenduspead pardlite seeriatele 3000 ja 1000<\/h3>\n<p class=\"p-body-copy-02\">SH30 (kolmene komplekt) asenduspead \u00fchilduvad pardlite seeriatega 3000 (S3xxx), 1000 (S1xxx) ja pardliga Star Wars SW3700.<\/p>\n<\/div>\n<\/div>\n<div class=\"p-s12__feature-item p-spacing-bottom-c\">\n<div class=\"p-s12__feature-image p-spacing-bottom-a\"><img decoding=\"async\" class=\"\" src=\"https:\/\/images.philips.com\/is\/image\/PhilipsConsumer\/F400070384-FIL-global-001?wid=305&amp;hei=173&amp;$jpglarge$\" alt=\"Vahetage oma raseerimispea v\u00e4lja vaid kahe sammuga\" \/><\/div>\n<div class=\"p-s12__feature-description p-spacing-bottom-a\">\n<h3 class=\"p-heading-04-large p-heading-bold p-feature-title\">Vahetage oma raseerimispea v\u00e4lja vaid kahe sammuga<\/h3>\n<p class=\"p-body-copy-02\">Uusimatel Philipsi raseerijatel on sisseehitatud asendamise meeldetuletus, mis on kuvatatud raseerimispea s\u00fcmboliga. S\u00fcmbol s\u00fcttib p\u00f5lema ja annab teile m\u00e4rku, kui on k\u00e4es aeg raseerimispead vahetada.<\/p>\n<\/div>\n<\/div>\n<div class=\"p-s12__feature-item p-spacing-bottom-c\">\n<div class=\"p-s12__feature-image p-spacing-bottom-a\"><img decoding=\"async\" class=\"\" src=\"https:\/\/images.philips.com\/is\/image\/PhilipsConsumer\/F400076313-FIL-global-001?wid=305&amp;hei=173&amp;$jpglarge$\" alt=\"Lihtne raseerimispeade vahetamine\" \/><\/div>\n<div class=\"p-s12__feature-description p-spacing-bottom-a\">\n<h3 class=\"p-heading-04-large p-heading-bold p-feature-title\">Lihtne raseerimispeade vahetamine<\/h3>\n<p class=\"p-body-copy-02\">1. Avage pardel vajutades nuppu &#8220;release&#8221;; 2. eemaldage fiksaator, p\u00f6\u00f6rates lukku vastup\u00e4eva; 3. v\u00f5tke vanad raseerimispead v\u00e4lja ja asendage need ettevaatlikult uutega; kontrollige, et uued raseerimispead on vanadega v\u00f5rreldes t\u00e4pselt samas asendis; 4. pange fiksaator oma kohale, keerates selleks lukku p\u00e4rip\u00e4eva; 5. kui olete raseerimispea \u00f5igesti paigaldanud, kuulete, kuidas see kl\u00f5psatusega \u00f5igele kohale asetub.<\/p>\n<\/div>\n<\/div>\n<\/div>\n<\/div>\n<\/div>\n<\/section>\n<\/div>","protected":false},"excerpt":{"rendered":"<p>Asenduspead pardlite seeriale 3000 &amp; 1000. ComfortCuti l\u00f5iketerad Sobib mudelile S3000 (S3xxx); S1000 (S1xxx) Star Warsi pardlile SW37xx<\/p>","protected":false},"featured_media":17186,"template":"","meta":{"om_disable_all_campaigns":false,"_uf_show_specific_survey":0,"_uf_disable_surveys":false},"product_brand":[1096],"product_cat":[985,986,1064,1065],"product_tag":[618],"class_list":{"0":"post-5879","1":"product","2":"type-product","3":"status-publish","4":"has-post-thumbnail","6":"product_brand-philips-ph","7":"product_cat-ilu","8":"product_cat-ilutooted","9":"product_cat-pardlid","10":"product_cat-varuosad","11":"product_tag-philips-ph","13":"first","14":"instock","15":"taxable","16":"shipping-taxable","17":"purchasable","18":"product-type-simple"},"aioseo_notices":[],"_links":{"self":[{"href":"https:\/\/homeemotion.lt\/lt\/wp-json\/wp\/v2\/product\/5879","targetHints":{"allow":["GET"]}}],"collection":[{"href":"https:\/\/homeemotion.lt\/lt\/wp-json\/wp\/v2\/product"}],"about":[{"href":"https:\/\/homeemotion.lt\/lt\/wp-json\/wp\/v2\/types\/product"}],"wp:featuredmedia":[{"embeddable":true,"href":"https:\/\/homeemotion.lt\/lt\/wp-json\/wp\/v2\/media\/17186"}],"wp:attachment":[{"href":"https:\/\/homeemotion.lt\/lt\/wp-json\/wp\/v2\/media?parent=5879"}],"wp:term":[{"taxonomy":"product_brand","embeddable":true,"href":"https:\/\/homeemotion.lt\/lt\/wp-json\/wp\/v2\/product_brand?post=5879"},{"taxonomy":"product_cat","embeddable":true,"href":"https:\/\/homeemotion.lt\/lt\/wp-json\/wp\/v2\/product_cat?post=5879"},{"taxonomy":"product_tag","embeddable":true,"href":"https:\/\/homeemotion.lt\/lt\/wp-json\/wp\/v2\/product_tag?post=5879"}],"curies":[{"name":"wp","href":"https:\/\/api.w.org\/{rel}","templated":true}]}}