{"id":5812,"date":"2020-04-12T12:57:27","date_gmt":"2020-04-12T09:57:27","guid":{"rendered":"https:\/\/homeemotion.lt\/toode\/aquatrio-tolmuimeja-vahetusharjad\/"},"modified":"2026-04-17T17:36:33","modified_gmt":"2026-04-17T14:36:33","slug":"aquatrio-tolmuimeja-vahetusharjad","status":"publish","type":"product","link":"https:\/\/homeemotion.lt\/lt\/toode\/aquatrio-tolmuimeja-vahetusharjad\/","title":{"rendered":"\"AquaTrio\" dulki\u0173 siurblio pakaitiniai \u0161epet\u0117liai"},"content":{"rendered":"","protected":false},"excerpt":{"rendered":"<p>AquaTrio tolmuimeja vahetusharjad, 2 pestavat mikrokiudharja<\/p>","protected":false},"featured_media":17017,"template":"","meta":{"om_disable_all_campaigns":false,"_uf_show_specific_survey":0,"_uf_disable_surveys":false},"product_brand":[1101],"product_cat":[109],"product_tag":[606],"class_list":{"0":"post-5812","1":"product","2":"type-product","3":"status-publish","4":"has-post-thumbnail","6":"product_brand-philips-da","7":"product_cat-uncategorized","8":"product_tag-philips-da","10":"first","11":"instock","12":"taxable","13":"shipping-taxable","14":"purchasable","15":"product-type-simple"},"aioseo_notices":[],"_links":{"self":[{"href":"https:\/\/homeemotion.lt\/lt\/wp-json\/wp\/v2\/product\/5812","targetHints":{"allow":["GET"]}}],"collection":[{"href":"https:\/\/homeemotion.lt\/lt\/wp-json\/wp\/v2\/product"}],"about":[{"href":"https:\/\/homeemotion.lt\/lt\/wp-json\/wp\/v2\/types\/product"}],"wp:featuredmedia":[{"embeddable":true,"href":"https:\/\/homeemotion.lt\/lt\/wp-json\/wp\/v2\/media\/17017"}],"wp:attachment":[{"href":"https:\/\/homeemotion.lt\/lt\/wp-json\/wp\/v2\/media?parent=5812"}],"wp:term":[{"taxonomy":"product_brand","embeddable":true,"href":"https:\/\/homeemotion.lt\/lt\/wp-json\/wp\/v2\/product_brand?post=5812"},{"taxonomy":"product_cat","embeddable":true,"href":"https:\/\/homeemotion.lt\/lt\/wp-json\/wp\/v2\/product_cat?post=5812"},{"taxonomy":"product_tag","embeddable":true,"href":"https:\/\/homeemotion.lt\/lt\/wp-json\/wp\/v2\/product_tag?post=5812"}],"curies":[{"name":"wp","href":"https:\/\/api.w.org\/{rel}","templated":true}]}}