{"id":5779,"date":"2020-04-12T12:57:24","date_gmt":"2020-04-12T09:57:24","guid":{"rendered":"https:\/\/homeemotion.lt\/toode\/tolmuimeja-philips-7\/"},"modified":"2026-04-17T17:36:33","modified_gmt":"2026-04-17T14:36:33","slug":"tolmuimeja-philips-7","status":"publish","type":"product","link":"https:\/\/homeemotion.lt\/lt\/toode\/tolmuimeja-philips-7\/","title":{"rendered":"Dulki\u0173 siurblys be dulki\u0173 mai\u0161elio \"Philips PowerPro Compact 900 W"},"content":{"rendered":"<p><strong>Panaikina 99,9% smulkaus dulki\u0173<\/strong><\/p>\n<p class=\"p-body-copy-02\">Philips dulki\u0173 siurblys be mai\u0161elio 3000 serija sujungia kompakti\u0161k\u0105 dizain\u0105 ir didel\u0119 gali\u0105. D\u0117l \u201ePowerCyclone 5\u201c technologijos ir trigubo poveikio \u201eTriActive\u201c antgalio gal\u0117site m\u0117gautis kruop\u0161\u010diu valymu.<\/p>\n<div id=\"see-all-benefits\" class=\"p-s01__pdp-overview-wraper\">\n<div class=\"s01highlight s01-highlights-banner component-base\">\n<section class=\"p-s01-highlights\">\n<div class=\"p-row-gutter p-comp-spacing-bottom\">\n<h3 class=\"p-heading-03 p-heading-medium p-s01__highlights-subtitle\">Vienrankis higieninis i\u0161tu\u0161tinimas<\/h3>\n<ul class=\"p-bullets p-large p-s01__bullets p-heading-medium\">\n<li class=\"p-s01__bullet\">900 W<\/li>\n<li class=\"p-s01__bullet\">Alergijos H13 filtras<\/li>\n<\/ul>\n<\/div>\n<\/section>\n<\/div>\n<\/div>\n<div class=\"productFeatures s12-product-features component-base\">\n<section class=\"p-complete p-s12-product-features\" data-close-popup-label=\"Tagasi\">\n<div class=\"p-row-gutter p-comp-spacing-bottom\">\n<div class=\"p-s12__feature-list\">\n<div class=\"p-s12__row\">\n<div class=\"p-s12__feature-item p-spacing-bottom-c\">\n<div class=\"p-s12__feature-image p-spacing-bottom-a\"><img decoding=\"async\" class=\"\" src=\"https:\/\/images.philips.com\/is\/image\/philipsconsumer\/eacc1a52e64e4dcebf98ad2501067512?wid=305&amp;hei=173&amp;$jpglarge$\" alt=\"900\u00a0W variklis dideliam siurbimo galiai\" \/><\/div>\n<div class=\"p-s12__feature-description p-spacing-bottom-a\">\n<h3 class=\"p-heading-04-large p-heading-bold p-feature-title\">900\u00a0W variklis dideliam siurbimo galiai<\/h3>\n<p class=\"p-body-copy-02\">\u201eDidelio na\u0161umo 900 W variklis u\u017etikrina didel\u0119 siurbimo gali\u0105 ir tokiu b\u016bdu \u2013 kruop\u0161t\u0173 valym\u0105.\u201c.<\/p>\n<\/div>\n<\/div>\n<div class=\"p-s12__feature-item p-spacing-bottom-c\">\n<div class=\"p-s12__feature-image p-spacing-bottom-a\"><img decoding=\"async\" class=\"\" src=\"https:\/\/images.philips.com\/is\/image\/philipsconsumer\/4491f71a1f4741fd8ae5ad2501011707?wid=305&amp;hei=173&amp;$jpglarge$\" alt=\"99,9% dulniaus pa\u0161alinimo, siekiant efektyvesnio valymo\" \/><\/div>\n<div class=\"p-s12__feature-description p-spacing-bottom-a\">\n<h3 class=\"p-heading-04-large p-heading-bold p-feature-title\">99,9% dulniaus pa\u0161alinimo, siekiant efektyvesnio valymo<\/h3>\n<p class=\"p-body-copy-02\">TriActive\u2019i otsak ja suur imemisv\u00f5imsus tagavad 99,9% peene tolmu eemaldamise*.<\/p>\n<\/div>\n<\/div>\n<div class=\"p-s12__feature-item p-spacing-bottom-c\">\n<div class=\"p-s12__feature-image p-spacing-bottom-a\"><img decoding=\"async\" class=\"\" src=\"https:\/\/images.philips.com\/is\/image\/philipsconsumer\/aa51eaeef4704f648b22ad160161298f?wid=305&amp;hei=173&amp;$jpglarge$\" alt=\"&quot;PowerCyclone 5 i\u0161laiko didel\u0119 siurbimo gali\u0105 ilgiau&quot;\" \/><\/div>\n<div class=\"p-s12__feature-description p-spacing-bottom-a\">\n<h3 class=\"p-heading-04-large p-heading-bold p-feature-title\">\"PowerCyclone 5 i\u0161laiko didel\u0119 siurbimo gali\u0105 ilgiau\"<\/h3>\n<p class=\"p-body-copy-02\">PowerCyclone 5 technologija pagreitina oro srautus cilindriniame skyriuje, kad atskirt\u0173 dulkes nuo oro, ir padeda ilgiau i\u0161laikyti stipri\u0105 siurbimo gali\u0105.<\/p>\n<\/div>\n<\/div>\n<\/div>\n<div class=\"p-s12__more-features p-s12__toggle-item\">\n<div class=\"p-s12__more-features--inner\">\n<div class=\"p-s12__row\">\n<div class=\"p-s12__feature-item p-spacing-bottom-c\">\n<div class=\"p-s12__feature-image p-spacing-bottom-a\"><img decoding=\"async\" class=\"\" src=\"https:\/\/images.philips.com\/is\/image\/philipsconsumer\/daaa9b312c1146c7bc36ad1600a3aab8?wid=305&amp;hei=173&amp;$jpglarge$\" alt=\"TriActive antgalis trij\u0173 kryp\u010di\u0173 kruop\u0161\u010diam valymui\" \/><\/div>\n<div class=\"p-s12__feature-description p-spacing-bottom-a\">\n<h3 class=\"p-heading-04-large p-heading-bold p-feature-title\">TriActive antgalis trij\u0173 kryp\u010di\u0173 kruop\u0161\u010diam valymui<\/h3>\n<p class=\"p-body-copy-02\">TriActive antgalis atlieka tris valymo veiksmus vienu metu. Specialiai sukurtas antgalis pa\u0161alina giliai kilime esan\u010dias dulkes, o didelis priekinis atidarymas sutraukia stambesnius ne\u0161varumus. Oro kanalai ir \u0161onin\u0117s \u0161epe\u010dio juostel\u0117s antgalio \u0161onuose surenka bet kokias dulkes ir ne\u0161varumus, kurie randasi prie sien\u0173 ar bald\u0173.<\/p>\n<\/div>\n<\/div>\n<div class=\"p-s12__feature-item p-spacing-bottom-c\">\n<div class=\"p-s12__feature-image p-spacing-bottom-a\"><img decoding=\"async\" class=\"\" src=\"https:\/\/images.philips.com\/is\/image\/philipsconsumer\/ec88ad70455c46cda139ad25010456a6?wid=305&amp;hei=173&amp;$jpglarge$\" alt=\"Dulki\u0173 komora, leid\u017eianti higieni\u0161kai i\u0161tu\u0161tinti viena ranka\" \/><\/div>\n<div class=\"p-s12__feature-description p-spacing-bottom-a\">\n<h3 class=\"p-heading-04-large p-heading-bold p-feature-title\">Dulki\u0173 komora, leid\u017eianti higieni\u0161kai i\u0161tu\u0161tinti viena ranka<\/h3>\n<p class=\"p-body-copy-02\">Lengvai i\u0161tu\u0161tinamas dulki\u0173 konteineris leid\u017eia higieni\u0161kai i\u0161tu\u0161tinti vienu rankos judesiu ir padeda i\u0161vengti dulki\u0173 debes\u0117lio susidarymo.<\/p>\n<\/div>\n<\/div>\n<div class=\"p-s12__feature-item p-spacing-bottom-c\">\n<div class=\"p-s12__feature-image p-spacing-bottom-a\"><img decoding=\"async\" class=\"\" src=\"https:\/\/images.philips.com\/is\/image\/philipsconsumer\/e3526c232322402885b6ad1600e9a8bf?wid=305&amp;hei=173&amp;$jpglarge$\" alt=\"Kompakti\u0161kas ir lengvas dizainas, u\u017etikrinantis lengv\u0105 transportavim\u0105\" \/><\/div>\n<div class=\"p-s12__feature-description p-spacing-bottom-a\">\n<h3 class=\"p-heading-04-large p-heading-bold p-feature-title\">Kompakti\u0161kas ir lengvas dizainas, u\u017etikrinantis lengv\u0105 transportavim\u0105<\/h3>\n<p class=\"p-body-copy-02\">Kompakti\u0161kas ir lengvas dizainas u\u017etikrina, kad dulki\u0173 siurbl\u012f b\u016bt\u0173 lengva laikyti ir transportuoti.<\/p>\n<\/div>\n<\/div>\n<\/div>\n<div class=\"p-s12__row\">\n<div class=\"p-s12__feature-item p-spacing-bottom-c\">\n<div class=\"p-s12__feature-image p-spacing-bottom-a\"><img decoding=\"async\" class=\"\" src=\"https:\/\/images.philips.com\/is\/image\/philipsconsumer\/aab287b0ba5344a1b288ad160152a40c?wid=305&amp;hei=173&amp;$jpglarge$\" alt=\"Ranken\u0117ja integruotas mink\u0161tas \u0161epet\u0117lis visada paruo\u0161tas naudoti\" \/><\/div>\n<div class=\"p-s12__feature-description p-spacing-bottom-a\">\n<h3 class=\"p-heading-04-large p-heading-bold p-feature-title\">Ranken\u0117ja integruotas mink\u0161tas \u0161epet\u0117lis visada paruo\u0161tas naudoti<\/h3>\n<p class=\"p-body-copy-02\">Dulkiu \u0161epet\u0117lis yra integruotas \u012f ranken\u0105, kad jis b\u016bt\u0173 visada po ranka, valant baldus, pavir\u0161ius ar apmu\u0161alus.<\/p>\n<\/div>\n<\/div>\n<div class=\"p-s12__feature-item p-spacing-bottom-c\">\n<div class=\"p-s12__feature-image p-spacing-bottom-a\"><img decoding=\"async\" class=\"\" style=\"border: 0px;margin: 0px;padding: 0px;font: inherit;vertical-align: middle;width: 306px\" src=\"https:\/\/images.philips.com\/is\/image\/philipsconsumer\/8e7cb241c2024131b2b5ad1f01205db2?wid=305&amp;hei=173&amp;$jpglarge$\" alt=\"Alergijos H13 filtravimo sistema sulaiko &gt;99,9% smulki\u0173 dulki\u0173\" \/><\/div>\n<div class=\"p-s12__feature-description p-spacing-bottom-a\">\n<h3 class=\"p-heading-04-large p-heading-bold p-feature-title\">Alergijos H13 filtravimo sistema sulaiko &gt;99,9% smulki\u0173 dulki\u0173<\/h3>\n<p class=\"p-body-copy-02\">Visi\u0161kai sandari filtravimo sistema sulaiko &gt;99,9% smulki\u0173 dulki\u0173 \u2013 \u012fskaitant \u017eiedadulkes, gyv\u016bn\u0173 plaukus ir dulki\u0173 erkes \u2013 tod\u0117l tinka alergi\u0161kiems ir reikliems \u017emon\u0117ms. Filtravimo lygis atitinka HEPA 13* standart\u0105.<\/p>\n<\/div>\n<\/div>\n<div class=\"p-s12__feature-item p-spacing-bottom-c\">\n<div class=\"p-s12__feature-image p-spacing-bottom-a\"><img decoding=\"async\" class=\"\" src=\"https:\/\/images.philips.com\/is\/image\/philipsconsumer\/c19d49ef3eb44fa09f5fad16011222e9?wid=305&amp;hei=173&amp;$jpglarge$\" alt=\"ActiveLock jungtys leid\u017eia pritaikyti dulki\u0173 siurbl\u012f kiekvienai u\u017eduo\u010diai\" \/><\/div>\n<div class=\"p-s12__feature-description p-spacing-bottom-a\">\n<h3 class=\"p-heading-04-large p-heading-bold p-feature-title\">ActiveLock jungtys leid\u017eia pritaikyti dulki\u0173 siurbl\u012f kiekvienai u\u017eduo\u010diai<\/h3>\n<p class=\"p-body-copy-02\">ActiveLock jungtys leid\u017eia lengvai pritvirtinti priedus prie teleskopinio vamzd\u017eio.<\/p>\n<\/div>\n<\/div>\n<\/div>\n<\/div>\n<\/div>\n<\/div>\n<\/div>\n<\/section>\n<\/div>","protected":false},"excerpt":{"rendered":"<p>PowerPro Compact dulki\u0173 siurblio su mai\u0161eliu serija. Dviej\u0173 dali\u0173 metalinis teleskopinis vamzdis. \u012e\u0117jimo galia: 900 W. Maksimalus oro srautas 27,8 L\/s. Triuk\u0161mo lygis 76 dB. Veikimo spindulys 9 m. Antialerginis filtras. Dulki\u0173 talpos t\u016bris 1,5 L. TriActive antgalis. Kiet\u0173 grind\u0173 antgalis. Laido ilgis 6 m. Gumuoti ratukai. \u012e\u0117jimo galia: 900 W<\/p>\n<p>\u012evesties galia: 900 W<\/p>","protected":false},"featured_media":17024,"template":"","meta":{"om_disable_all_campaigns":false,"_uf_show_specific_survey":0,"_uf_disable_surveys":false},"product_brand":[1101],"product_cat":[1002,1001,1025],"product_tag":[606],"class_list":{"0":"post-5779","1":"product","2":"type-product","3":"status-publish","4":"has-post-thumbnail","6":"product_brand-philips-da","7":"product_cat-kodutehnika","8":"product_cat-tehnika","9":"product_cat-tolmuimejad-tolmukotita","10":"product_tag-philips-da","12":"first","13":"instock","14":"taxable","15":"shipping-taxable","16":"purchasable","17":"product-type-simple"},"aioseo_notices":[],"_links":{"self":[{"href":"https:\/\/homeemotion.lt\/lt\/wp-json\/wp\/v2\/product\/5779","targetHints":{"allow":["GET"]}}],"collection":[{"href":"https:\/\/homeemotion.lt\/lt\/wp-json\/wp\/v2\/product"}],"about":[{"href":"https:\/\/homeemotion.lt\/lt\/wp-json\/wp\/v2\/types\/product"}],"wp:featuredmedia":[{"embeddable":true,"href":"https:\/\/homeemotion.lt\/lt\/wp-json\/wp\/v2\/media\/17024"}],"wp:attachment":[{"href":"https:\/\/homeemotion.lt\/lt\/wp-json\/wp\/v2\/media?parent=5779"}],"wp:term":[{"taxonomy":"product_brand","embeddable":true,"href":"https:\/\/homeemotion.lt\/lt\/wp-json\/wp\/v2\/product_brand?post=5779"},{"taxonomy":"product_cat","embeddable":true,"href":"https:\/\/homeemotion.lt\/lt\/wp-json\/wp\/v2\/product_cat?post=5779"},{"taxonomy":"product_tag","embeddable":true,"href":"https:\/\/homeemotion.lt\/lt\/wp-json\/wp\/v2\/product_tag?post=5779"}],"curies":[{"name":"wp","href":"https:\/\/api.w.org\/{rel}","templated":true}]}}