{"id":5764,"date":"2020-04-12T12:50:00","date_gmt":"2020-04-12T09:50:00","guid":{"rendered":"https:\/\/homeemotion.lt\/toode\/espressomasina-hoolduskomplekt-philips-saeco\/"},"modified":"2026-04-17T15:37:05","modified_gmt":"2026-04-17T12:37:05","slug":"espressomasina-hoolduskomplekt-philips-saeco","status":"publish","type":"product","link":"https:\/\/homeemotion.lt\/lt\/toode\/espressomasina-hoolduskomplekt-philips-saeco\/","title":{"rendered":"Espresso aparat\u0173 prie\u017ei\u016bros rinkinys \"Philips\" \/ \"Saeco"},"content":{"rendered":"<p><strong>Pikendab masina t\u00f6\u00f6iga.\u00a0<\/strong>Hoolduskomplekt v\u00f5imaldab teil oma t\u00e4isautomaatse espressomasina eest t\u00e4ielikult hoolt kanda, hoides selle puhtana ja heas t\u00f6\u00f6korras. Igal komplekti kuuluval osal on masina hooldamisel spetsiaalne funktsioon.<\/p>","protected":false},"excerpt":{"rendered":"<p>Philips\/Saeco espressomasinate hoolduskomplekt. Komplekt sisaldab: 2 AquaCleani filtrit, 6 piima ja 6 kohvi\u00f5li puhastusvahendit, 15 g m\u00e4\u00e4ret<\/p>","protected":false},"featured_media":16859,"template":"","meta":{"om_disable_all_campaigns":false,"_uf_show_specific_survey":0,"_uf_disable_surveys":false},"product_brand":[1101],"product_cat":[1007,1006,1001],"product_tag":[606],"class_list":{"0":"post-5764","1":"product","2":"type-product","3":"status-publish","4":"has-post-thumbnail","6":"product_brand-philips-da","7":"product_cat-espressomasinate-tarvikud","8":"product_cat-koogitehnika-tehnika","9":"product_cat-tehnika","10":"product_tag-philips-da","12":"first","13":"instock","14":"taxable","15":"shipping-taxable","16":"purchasable","17":"product-type-simple"},"aioseo_notices":[],"_links":{"self":[{"href":"https:\/\/homeemotion.lt\/lt\/wp-json\/wp\/v2\/product\/5764","targetHints":{"allow":["GET"]}}],"collection":[{"href":"https:\/\/homeemotion.lt\/lt\/wp-json\/wp\/v2\/product"}],"about":[{"href":"https:\/\/homeemotion.lt\/lt\/wp-json\/wp\/v2\/types\/product"}],"wp:featuredmedia":[{"embeddable":true,"href":"https:\/\/homeemotion.lt\/lt\/wp-json\/wp\/v2\/media\/16859"}],"wp:attachment":[{"href":"https:\/\/homeemotion.lt\/lt\/wp-json\/wp\/v2\/media?parent=5764"}],"wp:term":[{"taxonomy":"product_brand","embeddable":true,"href":"https:\/\/homeemotion.lt\/lt\/wp-json\/wp\/v2\/product_brand?post=5764"},{"taxonomy":"product_cat","embeddable":true,"href":"https:\/\/homeemotion.lt\/lt\/wp-json\/wp\/v2\/product_cat?post=5764"},{"taxonomy":"product_tag","embeddable":true,"href":"https:\/\/homeemotion.lt\/lt\/wp-json\/wp\/v2\/product_tag?post=5764"}],"curies":[{"name":"wp","href":"https:\/\/api.w.org\/{rel}","templated":true}]}}