{"id":5508,"date":"2020-04-09T00:19:14","date_gmt":"2020-04-08T21:19:14","guid":{"rendered":"https:\/\/homeemotion.lt\/toode\/product-35\/"},"modified":"2026-04-17T19:11:33","modified_gmt":"2026-04-17T16:11:33","slug":"koogikombain-philips-1300w-12-kiirust-vonkereziim-34l-nou-2","status":"publish","type":"product","link":"https:\/\/homeemotion.lt\/lt\/toode\/koogikombain-philips-1300w-12-kiirust-vonkereziim-34l-nou-2\/","title":{"rendered":"Maisto procesorius \"Philips\" 7000 serijos"},"content":{"rendered":"<p><strong>L\u00f5igake, hakkige, viilutage, s\u00f5tkuge, vahustage ja segage<\/strong><\/p>\n<p class=\"p-body-copy-02\">See Philipsi 7000 seeria k\u00f6\u00f6gikombain on mitmekesine lahendus teie k\u00f6\u00f6gi jaoks. T\u00e4nu uuenduslikule metallist s\u00f5tkumiskonksule, v\u00f5imsale 1300\u00a0W mootorile ja taina valmistamiseks m\u00f5eldud \u00fche puudutusega automaatnupule ei ole leiva ja saia k\u00fcpsetamine kunagi nii lihtne olnud.<\/p>\n<div id=\"see-all-benefits\" class=\"p-s01__pdp-overview-wraper\">\n<div class=\"s01highlight s01-highlights-banner component-base\">\n<section class=\"p-s01-highlights\">\n<div class=\"p-row-gutter p-comp-spacing-bottom\">\n<h3 class=\"p-heading-03 p-heading-medium p-s01__highlights-subtitle\">Valmistage PowerChopi abil oma lemmiktoite ja palju muud<\/h3>\n<ul class=\"p-bullets p-large p-s01__bullets p-heading-medium\">\n<li class=\"p-s01__bullet\">1300 W<\/li>\n<li class=\"p-s01__bullet\">Kompaktne neli \u00fches komplekt<\/li>\n<li class=\"p-s01__bullet\">3,4 liitrine n\u00f5u<\/li>\n<li class=\"p-s01__bullet\">\u00dche puudutusega automaatnupud<\/li>\n<\/ul>\n<\/div>\n<\/section>\n<\/div>\n<\/div>\n<div class=\"productFeatures s12-product-features component-base\">\n<section class=\"p-complete p-s12-product-features\" data-close-popup-label=\"Tagasi\">\n<div class=\"p-row-gutter p-comp-spacing-bottom\">\n<div class=\"p-s12__feature-list\">\n<div class=\"p-s12__row\">\n<div class=\"p-s12__feature-item p-spacing-bottom-c\">\n<div class=\"p-s12__feature-image p-spacing-bottom-a\"><img decoding=\"async\" class=\"\" src=\"https:\/\/images.philips.com\/is\/image\/philipsconsumer\/d9f4c24ec6fb45c39c24ad25010421df?wid=305&amp;hei=173&amp;$jpglarge$\" alt=\"Kahekordne metallist \u00fcmarvispel koore ja munavalge jaoks\" \/><\/div>\n<div class=\"p-s12__feature-description p-spacing-bottom-a\">\n<h3 class=\"p-heading-04-large p-heading-bold p-feature-title\">Kahekordne metallist \u00fcmarvispel koore ja munavalge jaoks<\/h3>\n<p class=\"p-body-copy-02\">Kahekordse metallist \u00fcmarvispli ja \u00fche puudutusega automaatnupuga l\u00f6\u00f6te munavahu kohevaks (maht kuni 600% suurem) ja vahustate ideaalselt vahukoort (maht kuni 200% suurem). H\u00f5rgutavate magustoitude valmistamine ei ole kunagi nii lihtne olnud!<\/p>\n<\/div>\n<\/div>\n<div class=\"p-s12__feature-item p-spacing-bottom-c\">\n<div class=\"p-s12__feature-image p-spacing-bottom-a\"><img decoding=\"async\" class=\"\" src=\"https:\/\/images.philips.com\/is\/image\/philipsconsumer\/a8a62630a7fa44c6bf91ad25010283cf?wid=305&amp;hei=173&amp;$jpglarge$\" alt=\"Metallist s\u00f5tkumiskonks ideaalse leivataina tegemiseks\" \/><\/div>\n<div class=\"p-s12__feature-description p-spacing-bottom-a\">\n<h3 class=\"p-heading-04-large p-heading-bold p-feature-title\">Metallist s\u00f5tkumiskonks ideaalse leivataina tegemiseks<\/h3>\n<p class=\"p-body-copy-02\">Koos j\u00f5ulise mootoriga aitab metallist s\u00f5tkumiskonks koostisained kiirelt tainaks segada. Kui tainas on valmis, t\u00f6\u00f6tleb uuenduslik s\u00f5tkumiskonks tainast t\u00e4pselt \u00f5ige j\u00f5u ja v\u00f5imsusega, et tulemuseks oleks parima maitsega sai v\u00f5i leib.<\/p>\n<\/div>\n<\/div>\n<div class=\"p-s12__feature-item p-spacing-bottom-c\">\n<div class=\"p-s12__feature-image p-spacing-bottom-a\"><img decoding=\"async\" class=\"\" src=\"https:\/\/images.philips.com\/is\/image\/philipsconsumer\/cbfe909f234b435297e5ad1600fc40fc?wid=305&amp;hei=173&amp;$jpglarge$\" alt=\"PowerChopi tehnoloogia tagab parimad hakkimistulemused\" \/><\/div>\n<div class=\"p-s12__feature-description p-spacing-bottom-a\">\n<h3 class=\"p-heading-04-large p-heading-bold p-feature-title\">PowerChopi tehnoloogia tagab parimad hakkimistulemused<\/h3>\n<p class=\"p-body-copy-02\">PowerChopi tehnoloogia on kombinatsioon l\u00f5iketera kujust, l\u00f5ikenurgast ja sisemisest n\u00f5ust, mis tagab parima hakkimistulemuse nii pehmete kui ka k\u00f5vade koostisosade puhul. See sobib ideaalselt ka p\u00fcreede valmistamiseks v\u00f5i koogitaina segamiseks!<\/p>\n<\/div>\n<\/div>\n<\/div>\n<div class=\"p-s12__more-features p-s12__toggle-item\">\n<div class=\"p-s12__more-features--inner\">\n<div class=\"p-s12__row\">\n<div class=\"p-s12__feature-item p-spacing-bottom-c\">\n<div class=\"p-s12__feature-image p-spacing-bottom-a\"><img decoding=\"async\" class=\"\" src=\"https:\/\/images.philips.com\/is\/image\/philipsconsumer\/c83b381cc22249a9b93fad16010c551a?wid=305&amp;hei=173&amp;$jpglarge$\" alt=\"1 puutega autom.-nupud leivataina tegemiseks, vahustamiseks, j\u00e4\u00e4 purustamiseks\" \/><\/div>\n<div class=\"p-s12__feature-description p-spacing-bottom-a\">\n<h3 class=\"p-heading-04-large p-heading-bold p-feature-title\">1 puutega autom.-nupud leivataina tegemiseks, vahustamiseks, j\u00e4\u00e4 purustamiseks<\/h3>\n<p class=\"p-body-copy-02\">Lisaks k\u00e4sitsi valitavale 12 kiiruseseadele ja v\u00f5nkere\u017eiimile on Avance&#8217;i k\u00f6\u00f6gikombainil ka kolm \u00fche puudutusega automaatnuppu. Nende valimiseks keerake juhtnupp asendisse &#8220;ON&#8221; ja vajutage \u00fche puudutusega automaatnuppu. Seej\u00e4rel seadistab mootor automaatselt \u00f5ige kiiruse ja automaatse v\u00f5nkere\u017eiimi, et tulemus oleks parim.<\/p>\n<\/div>\n<\/div>\n<div class=\"p-s12__feature-item p-spacing-bottom-c\">\n<div class=\"p-s12__feature-image p-spacing-bottom-a\"><img decoding=\"async\" class=\"\" src=\"https:\/\/images.philips.com\/is\/image\/philipsconsumer\/fd6af4b0fcb648b898bfad16015a9489?wid=305&amp;hei=173&amp;$jpglarge$\" alt=\"Masinpestavad tarvikud\" \/><\/div>\n<div class=\"p-s12__feature-description p-spacing-bottom-a\">\n<h3 class=\"p-heading-04-large p-heading-bold p-feature-title\">Masinpestavad tarvikud<\/h3>\n<p class=\"p-body-copy-02\">K\u00f5iki karbis olevaid Philipsi k\u00f6\u00f6gikombaini tarvikuid v\u00f5ib pesta n\u00f5udepesumasinas.<\/p>\n<\/div>\n<\/div>\n<div class=\"p-s12__feature-item p-spacing-bottom-c\">\n<div class=\"p-s12__feature-image p-spacing-bottom-a\"><img decoding=\"async\" class=\"\" src=\"https:\/\/images.philips.com\/is\/image\/philipsconsumer\/47f29f8c1e4647af8168ad1600c45a49?wid=305&amp;hei=173&amp;$jpglarge$\" alt=\"\u00dclisuur anum ja kannmikseri kann kogu perele\" \/><\/div>\n<div class=\"p-s12__feature-description p-spacing-bottom-a\">\n<h3 class=\"p-heading-04-large p-heading-bold p-feature-title\">\u00dclisuur anum ja kannmikseri kann kogu perele<\/h3>\n<p class=\"p-body-copy-02\">Selles \u00fclisuures 3,4-liitrises anumas saab valmistada 2 liitrit vedelikku ehk kuni 7 portsjonit suppi, vahustada 7 munavalget v\u00f5i valmistada 1,7 kg tainast. 2,2-liitrises kannus saab korraga t\u00f6\u00f6delda 1,5 liitrit koostisosi ehk kuni 5 portsjonit smuutit.<\/p>\n<\/div>\n<\/div>\n<\/div>\n<div class=\"p-s12__row\">\n<div class=\"p-s12__feature-item p-spacing-bottom-c\">\n<div class=\"p-s12__feature-image p-spacing-bottom-a\"><img decoding=\"async\" class=\"\" src=\"https:\/\/images.philips.com\/is\/image\/philipsconsumer\/d42b4124c0b740618bc5ad16010bae41?wid=305&amp;hei=173&amp;$jpglarge$\" alt=\"Roostevabast terasest kettad viilutamiseks, ribastamiseks, t\u00fckeldamiseks ja friikartulite l\u00f5ikamiseks\" \/><\/div>\n<div class=\"p-s12__feature-description p-spacing-bottom-a\">\n<h3 class=\"p-heading-04-large p-heading-bold p-feature-title\">Roostevabast terasest kettad viilutamiseks, ribastamiseks, t\u00fckeldamiseks ja friikartulite l\u00f5ikamiseks<\/h3>\n<p class=\"p-body-copy-02\">Sellel k\u00f6\u00f6gikombainil on neli t\u00e4iendavat roostevabast terasest tera: \u00fcks \u00fcmberp\u00f6\u00f6ratav purustamistera (peeneks ja j\u00e4medaks purustamiseks) igat laadi k\u00f6\u00f6giviljade jaoks, \u00fcks riivimistera kartulite v\u00f5i juustu jaoks, \u00fcks ribastamistera peente k\u00f6\u00f6giviljaribade l\u00f5ikamiseks ja \u00fcks frititud kartulite tera j\u00e4medamate kartuliribade l\u00f5ikamiseks.<\/p>\n<\/div>\n<\/div>\n<div class=\"p-s12__feature-item p-spacing-bottom-c\">\n<div class=\"p-s12__feature-image p-spacing-bottom-a\"><img decoding=\"async\" class=\"\" src=\"https:\/\/images.philips.com\/is\/image\/philipsconsumer\/cf0487441e6746b5bdc9ad1e00781544?wid=305&amp;hei=173&amp;$jpglarge$\" alt=\"Tsitrusepress ja 6-klaasine tsentrifugaalne mahlapress koos metallv\u00f5rguga\" \/><\/div>\n<div class=\"p-s12__feature-description p-spacing-bottom-a\">\n<h3 class=\"p-heading-04-large p-heading-bold p-feature-title\">Tsitrusepress ja 6-klaasine tsentrifugaalne mahlapress koos metallv\u00f5rguga<\/h3>\n<p class=\"p-body-copy-02\">Sellel k\u00f6\u00f6gikombainil on professionaalne mahlapressitarvik. T\u00e4nu sellele eriti suurele sisestamistorule ja patenditud mikrokiust filtrile suudab see mahla pressida kuni 200% kiiremini kui teised k\u00f6\u00f6gikombainide mahlapressid. Roostevabast terasest valmistatud mikrokiudfilter pigistab viljast v\u00e4lja viimasegi tilga, et mahla valmiks rohkem. T\u00e4nu ergonoomilisele kujundusele on seda ka kiirem puhastada ja hoiustada.<\/p>\n<\/div>\n<\/div>\n<div class=\"p-s12__feature-item p-spacing-bottom-c\">\n<div class=\"p-s12__feature-image p-s12__feature-image--hide p-spacing-bottom-a\" aria-hidden=\"true\"><img decoding=\"async\" class=\"\" src=\"https:\/\/images.philips.com\/is\/image\/PhilipsConsumer\/IM130930_TRANSPARENT_IMAGE-DTO-global-001?wid=305&amp;hei=173&amp;$jpglarge$\" alt=\"\" \/><\/div>\n<div class=\"p-s12__feature-description p-spacing-bottom-a\">\n<h3 class=\"p-heading-04-large p-heading-bold p-feature-title\">XXL 18 cm kettad k\u00f5igi koostisosade kiiremaks t\u00f6\u00f6tlemiseks<\/h3>\n<p class=\"p-body-copy-02\">T\u00e4nu XXL-suuruses ketastele (18cm), tagab Philipsi k\u00f6\u00f6gikombain kiirema tulemuse, aidates nii s\u00f6\u00f6givalmistamise ajal aega ja j\u00f5udu kokku hoida.<\/p>\n<\/div>\n<\/div>\n<\/div>\n<\/div>\n<\/div>\n<\/div>\n<\/div>\n<\/section>\n<\/div>","protected":false},"excerpt":{"rendered":"<p>Maht: 3.4 l n\u00f5u. 12 kiiruseseadet ja v\u00f5nkere\u017eiim. Reguleeritav viilutustera 1\u20137 mm. Kahekordne vispel. Kannmikseri kann 2.2 L. Tsitrusepress. Metallist s\u00f5tkumiskonks. \u00dcmberp\u00f6\u00f6ratav ketas. K\u00f6\u00f6gikombaini t\u00f6\u00f6riist<\/p>\n<p>V\u00f5imsus: 1300 W<\/p>","protected":false},"featured_media":17117,"template":"","meta":{"om_disable_all_campaigns":false,"_uf_show_specific_survey":0,"_uf_disable_surveys":false},"product_brand":[1101],"product_cat":[955,1033,973],"product_tag":[606],"class_list":{"0":"post-5508","1":"product","2":"type-product","3":"status-publish","4":"has-post-thumbnail","6":"product_brand-philips-da","7":"product_cat-kodu","8":"product_cat-koogikombainid","9":"product_cat-koogitehnika","10":"product_tag-philips-da","12":"first","13":"instock","14":"taxable","15":"shipping-taxable","16":"purchasable","17":"product-type-simple"},"aioseo_notices":[],"_links":{"self":[{"href":"https:\/\/homeemotion.lt\/lt\/wp-json\/wp\/v2\/product\/5508","targetHints":{"allow":["GET"]}}],"collection":[{"href":"https:\/\/homeemotion.lt\/lt\/wp-json\/wp\/v2\/product"}],"about":[{"href":"https:\/\/homeemotion.lt\/lt\/wp-json\/wp\/v2\/types\/product"}],"wp:featuredmedia":[{"embeddable":true,"href":"https:\/\/homeemotion.lt\/lt\/wp-json\/wp\/v2\/media\/17117"}],"wp:attachment":[{"href":"https:\/\/homeemotion.lt\/lt\/wp-json\/wp\/v2\/media?parent=5508"}],"wp:term":[{"taxonomy":"product_brand","embeddable":true,"href":"https:\/\/homeemotion.lt\/lt\/wp-json\/wp\/v2\/product_brand?post=5508"},{"taxonomy":"product_cat","embeddable":true,"href":"https:\/\/homeemotion.lt\/lt\/wp-json\/wp\/v2\/product_cat?post=5508"},{"taxonomy":"product_tag","embeddable":true,"href":"https:\/\/homeemotion.lt\/lt\/wp-json\/wp\/v2\/product_tag?post=5508"}],"curies":[{"name":"wp","href":"https:\/\/api.w.org\/{rel}","templated":true}]}}