{"id":5494,"date":"2020-04-09T00:19:13","date_gmt":"2020-04-08T21:19:13","guid":{"rendered":"https:\/\/homeemotion.lt\/toode\/product-21\/"},"modified":"2026-04-17T20:11:51","modified_gmt":"2026-04-17T17:11:51","slug":"tsitrusepress-mahlakann-06-l-voimus-25-w","status":"publish","type":"product","link":"https:\/\/homeemotion.lt\/lt\/toode\/tsitrusepress-mahlakann-06-l-voimus-25-w\/","title":{"rendered":"Citrusini\u0173 vaisi\u0173 presas \"Philips\" 25W"},"content":{"rendered":"<div id=\"see-all-benefits\" class=\"p-s01__pdp-overview-wraper\">\n<div class=\"s01highlight s01-highlights-banner component-base\">\n<section class=\"p-s01-highlights\">\n<div class=\"p-row-gutter p-comp-spacing-bottom\">\n<p><strong>V\u00e4rskeltpressitud mahl, lihtsalt<\/strong><\/p>\n<p class=\"p-body-copy-02\">Selle tsitrusepressiga saate tsitruselistest lihtsalt valmistada h\u00f5rku koduvalmistatud mahla. Kompaktse disaini t\u00f5ttu saate selle kerge vaevaga hoiustada. Kuna k\u00f5ik osad on n\u00f5udepesumasinas pestavad, siis hoiate kokku pesemisaega.<\/p>\n<h3 class=\"p-heading-03 p-heading-medium p-s01__highlights-subtitle\">N\u00f5udepesumasinas pestav, kompaktne disain<\/h3>\n<ul class=\"p-bullets p-large p-s01__bullets p-heading-medium\">\n<li class=\"p-s01__bullet\">0,5 l<\/li>\n<li class=\"p-s01__bullet\">25 W<\/li>\n<li class=\"p-s01__bullet\">Automaatne p\u00f6\u00f6rdfunktsioon<\/li>\n<li class=\"p-s01__bullet\">Juhtmehoidik<\/li>\n<\/ul>\n<\/div>\n<\/section>\n<\/div>\n<\/div>\n<div class=\"productFeatures s12-product-features component-base\">\n<section class=\"p-complete p-s12-product-features\" data-close-popup-label=\"Tagasi\">\n<div class=\"p-row-gutter p-comp-spacing-bottom\">\n<div class=\"p-s12__feature-list\">\n<div class=\"p-s12__row\">\n<div class=\"p-s12__feature-item p-spacing-bottom-c\">\n<div class=\"p-s12__feature-image p-spacing-bottom-a\"><img decoding=\"async\" src=\"https:\/\/images.philips.com\/is\/image\/PhilipsConsumer\/F400054188_HR2738_00-FIL-global-001?wid=305&amp;hei=173&amp;$jpglarge$\" alt=\"Kaasas 500 ml mahlakann\" \/><\/div>\n<div class=\"p-s12__feature-description p-spacing-bottom-a\">\n<h3 class=\"p-heading-04-large p-heading-bold p-feature-title\">Kaasas 500 ml mahlakann<\/h3>\n<p class=\"p-body-copy-02\">500 ml mahlakann, tagades suure mahutavuse mahla valmistamiseks<\/p>\n<\/div>\n<\/div>\n<div class=\"p-s12__feature-item p-spacing-bottom-c\">\n<div class=\"p-s12__feature-image p-spacing-bottom-a\"><img decoding=\"async\" src=\"https:\/\/images.philips.com\/is\/image\/PhilipsConsumer\/F400053567_HR2738_00-FIL-global-001?wid=305&amp;hei=173&amp;$jpglarge$\" alt=\"uue tilakuju t\u00f5ttu tilkumist ei toimu\" \/><\/div>\n<div class=\"p-s12__feature-description p-spacing-bottom-a\">\n<h3 class=\"p-heading-04-large p-heading-bold p-feature-title\">uue tilakuju t\u00f5ttu tilkumist ei toimu<\/h3>\n<p class=\"p-body-copy-02\">uue tilakuju t\u00f5ttu tilkumist ei toimu<\/p>\n<\/div>\n<\/div>\n<div class=\"p-s12__feature-item p-spacing-bottom-c\">\n<div class=\"p-s12__feature-image p-spacing-bottom-a\"><img decoding=\"async\" src=\"https:\/\/images.philips.com\/is\/image\/PhilipsConsumer\/F400054187_HR2738_00-FIL-global-001?wid=305&amp;hei=173&amp;$jpglarge$\" alt=\"Sisseehitatud toitejuhtme hoidik\" \/><\/div>\n<div class=\"p-s12__feature-description p-spacing-bottom-a\">\n<h3 class=\"p-heading-04-large p-heading-bold p-feature-title\">Sisseehitatud toitejuhtme hoidik<\/h3>\n<p class=\"p-body-copy-02\">T\u00e4nu korpuse p\u00f5hja all olevale juhtmehoidikule hoiate kokku hoiustusruumi.<\/p>\n<\/div>\n<\/div>\n<\/div>\n<div class=\"p-s12__more-features p-s12__toggle-item\">\n<div class=\"p-s12__more-features--inner\">\n<div class=\"p-s12__row\">\n<div class=\"p-s12__feature-item p-spacing-bottom-c\">\n<div class=\"p-s12__feature-image p-spacing-bottom-a\"><img decoding=\"async\" src=\"https:\/\/images.philips.com\/is\/image\/PhilipsConsumer\/F400051565_HR2738_00-FIL-global-001?wid=305&amp;hei=173&amp;$jpglarge$\" alt=\"Kompaktne disain vajab hoidmiseks v\u00e4he ruumi.\" \/><\/div>\n<div class=\"p-s12__feature-description p-spacing-bottom-a\">\n<h3 class=\"p-heading-04-large p-heading-bold p-feature-title\">Kompaktne disain vajab hoidmiseks v\u00e4he ruumi.<\/h3>\n<p class=\"p-body-copy-02\">T\u00e4nu oma kompaktsele disainile mahub mahlapress kenasti teie k\u00f6\u00f6gi t\u00f6\u00f6pinnale. Hoiundamisel v\u00f5tab see v\u00e4he ruumi.<\/p>\n<\/div>\n<\/div>\n<div class=\"p-s12__feature-item p-spacing-bottom-c\">\n<div class=\"p-s12__feature-image p-spacing-bottom-a\"><img decoding=\"async\" src=\"https:\/\/images.philips.com\/is\/image\/PhilipsConsumer\/F400054186_HR2738_00-FIL-global-001?wid=305&amp;hei=173&amp;$jpglarge$\" alt=\"K\u00f5ik osad on masinpestavad\" \/><\/div>\n<div class=\"p-s12__feature-description p-spacing-bottom-a\">\n<h3 class=\"p-heading-04-large p-heading-bold p-feature-title\">K\u00f5ik osad on masinpestavad<\/h3>\n<p class=\"p-body-copy-02\">K\u00f5iki k\u00fcljestv\u00f5etavaid osi saab n\u00f5udepesumasinas pesta.<\/p>\n<\/div>\n<\/div>\n<\/div>\n<\/div>\n<\/div>\n<\/div>\n<\/div>\n<\/section>\n<\/div>","protected":false},"excerpt":{"rendered":"<p>Tsitrusepress. Mahlakann 0.5 L. . Automaatne p\u00f6\u00f6rdfunktsioon\/viljaliha selektor. Juhtmehoidik<\/p>\n<p>V\u00f5imsus 25 W<\/p>","protected":false},"featured_media":17103,"template":"","meta":{"om_disable_all_campaigns":false,"_uf_show_specific_survey":0,"_uf_disable_surveys":false},"product_brand":[1101],"product_cat":[1006,1001,1050],"product_tag":[606],"class_list":{"0":"post-5494","1":"product","2":"type-product","3":"status-publish","4":"has-post-thumbnail","6":"product_brand-philips-da","7":"product_cat-koogitehnika-tehnika","8":"product_cat-tehnika","9":"product_cat-tsitruspressid","10":"product_tag-philips-da","12":"first","13":"instock","14":"taxable","15":"shipping-taxable","16":"purchasable","17":"product-type-simple"},"aioseo_notices":[],"_links":{"self":[{"href":"https:\/\/homeemotion.lt\/lt\/wp-json\/wp\/v2\/product\/5494","targetHints":{"allow":["GET"]}}],"collection":[{"href":"https:\/\/homeemotion.lt\/lt\/wp-json\/wp\/v2\/product"}],"about":[{"href":"https:\/\/homeemotion.lt\/lt\/wp-json\/wp\/v2\/types\/product"}],"wp:featuredmedia":[{"embeddable":true,"href":"https:\/\/homeemotion.lt\/lt\/wp-json\/wp\/v2\/media\/17103"}],"wp:attachment":[{"href":"https:\/\/homeemotion.lt\/lt\/wp-json\/wp\/v2\/media?parent=5494"}],"wp:term":[{"taxonomy":"product_brand","embeddable":true,"href":"https:\/\/homeemotion.lt\/lt\/wp-json\/wp\/v2\/product_brand?post=5494"},{"taxonomy":"product_cat","embeddable":true,"href":"https:\/\/homeemotion.lt\/lt\/wp-json\/wp\/v2\/product_cat?post=5494"},{"taxonomy":"product_tag","embeddable":true,"href":"https:\/\/homeemotion.lt\/lt\/wp-json\/wp\/v2\/product_tag?post=5494"}],"curies":[{"name":"wp","href":"https:\/\/api.w.org\/{rel}","templated":true}]}}