{"id":5491,"date":"2020-04-09T00:19:13","date_gmt":"2020-04-08T21:19:13","guid":{"rendered":"https:\/\/homeemotion.lt\/toode\/product-18\/"},"modified":"2026-04-17T19:11:33","modified_gmt":"2026-04-17T16:11:33","slug":"aeglane-mahlapress-philips-150w-1-kiirus-tilgalukk","status":"publish","type":"product","link":"https:\/\/homeemotion.lt\/lt\/toode\/aeglane-mahlapress-philips-150w-1-kiirus-tilgalukk\/","title":{"rendered":"L\u0117ta sul\u010diaspaud\u0117 \"Philips\" 150W"},"content":{"rendered":"","protected":false},"excerpt":{"rendered":"<p>Aeglane mahlapress. Mahalan\u00f5u suurus 1 L. . 1 kiirus. XL suurus s\u00f6\u00f6tetoru (70mm). Kiirpuhastus. Tilgalukk<\/p>\n<p>V\u00f5imsus 150 W<\/p>","protected":false},"featured_media":17091,"template":"","meta":{"om_disable_all_campaigns":false,"_uf_show_specific_survey":0,"_uf_disable_surveys":false},"product_brand":[1101],"product_cat":[955,973,1008],"product_tag":[606],"class_list":{"0":"post-5491","1":"product","2":"type-product","3":"status-publish","4":"has-post-thumbnail","6":"product_brand-philips-da","7":"product_cat-kodu","8":"product_cat-koogitehnika","9":"product_cat-mahlapressid","10":"product_tag-philips-da","12":"first","13":"instock","14":"taxable","15":"shipping-taxable","16":"purchasable","17":"product-type-simple"},"aioseo_notices":[],"_links":{"self":[{"href":"https:\/\/homeemotion.lt\/lt\/wp-json\/wp\/v2\/product\/5491","targetHints":{"allow":["GET"]}}],"collection":[{"href":"https:\/\/homeemotion.lt\/lt\/wp-json\/wp\/v2\/product"}],"about":[{"href":"https:\/\/homeemotion.lt\/lt\/wp-json\/wp\/v2\/types\/product"}],"wp:featuredmedia":[{"embeddable":true,"href":"https:\/\/homeemotion.lt\/lt\/wp-json\/wp\/v2\/media\/17091"}],"wp:attachment":[{"href":"https:\/\/homeemotion.lt\/lt\/wp-json\/wp\/v2\/media?parent=5491"}],"wp:term":[{"taxonomy":"product_brand","embeddable":true,"href":"https:\/\/homeemotion.lt\/lt\/wp-json\/wp\/v2\/product_brand?post=5491"},{"taxonomy":"product_cat","embeddable":true,"href":"https:\/\/homeemotion.lt\/lt\/wp-json\/wp\/v2\/product_cat?post=5491"},{"taxonomy":"product_tag","embeddable":true,"href":"https:\/\/homeemotion.lt\/lt\/wp-json\/wp\/v2\/product_tag?post=5491"}],"curies":[{"name":"wp","href":"https:\/\/api.w.org\/{rel}","templated":true}]}}