{"id":5480,"date":"2020-04-09T00:19:12","date_gmt":"2020-04-08T21:19:12","guid":{"rendered":"https:\/\/homeemotion.lt\/toode\/product-7\/"},"modified":"2026-04-21T15:37:28","modified_gmt":"2026-04-21T12:37:28","slug":"blender-philips-voimsus-1400w","status":"publish","type":"product","link":"https:\/\/homeemotion.lt\/lt\/toode\/blender-philips-voimsus-1400w\/","title":{"rendered":"\"Philips\" 1400 W mai\u0161ytuvas"},"content":{"rendered":"","protected":false},"excerpt":{"rendered":"<p>35 000 p\/min. Sujuv kiiruse reguleerimine + impulss. Smuutide ja j\u00e4\u00e4 programmid. ProBlend 6 3D. 2-liitrine Tritaan kann. 1x kaasav\u00f5etav smuutipudel<\/p>\n<p>V\u00f5imsus: 1400 W<\/p>","protected":false},"featured_media":17109,"template":"","meta":{"om_disable_all_campaigns":false,"_uf_show_specific_survey":0,"_uf_disable_surveys":false},"product_brand":[1101],"product_cat":[1020,955,973],"product_tag":[606],"class_list":{"0":"post-5480","1":"product","2":"type-product","3":"status-publish","4":"has-post-thumbnail","6":"product_brand-philips-da","7":"product_cat-blenderid","8":"product_cat-kodu","9":"product_cat-koogitehnika","10":"product_tag-philips-da","12":"first","13":"instock","14":"taxable","15":"shipping-taxable","16":"purchasable","17":"product-type-simple"},"aioseo_notices":[],"_links":{"self":[{"href":"https:\/\/homeemotion.lt\/lt\/wp-json\/wp\/v2\/product\/5480","targetHints":{"allow":["GET"]}}],"collection":[{"href":"https:\/\/homeemotion.lt\/lt\/wp-json\/wp\/v2\/product"}],"about":[{"href":"https:\/\/homeemotion.lt\/lt\/wp-json\/wp\/v2\/types\/product"}],"wp:featuredmedia":[{"embeddable":true,"href":"https:\/\/homeemotion.lt\/lt\/wp-json\/wp\/v2\/media\/17109"}],"wp:attachment":[{"href":"https:\/\/homeemotion.lt\/lt\/wp-json\/wp\/v2\/media?parent=5480"}],"wp:term":[{"taxonomy":"product_brand","embeddable":true,"href":"https:\/\/homeemotion.lt\/lt\/wp-json\/wp\/v2\/product_brand?post=5480"},{"taxonomy":"product_cat","embeddable":true,"href":"https:\/\/homeemotion.lt\/lt\/wp-json\/wp\/v2\/product_cat?post=5480"},{"taxonomy":"product_tag","embeddable":true,"href":"https:\/\/homeemotion.lt\/lt\/wp-json\/wp\/v2\/product_tag?post=5480"}],"curies":[{"name":"wp","href":"https:\/\/api.w.org\/{rel}","templated":true}]}}