{"id":5361,"date":"2020-04-07T19:18:27","date_gmt":"2020-04-07T16:18:27","guid":{"rendered":"https:\/\/homeemotion.lt\/toode\/veekeetja-mpm-2200w-1-7l-valge\/"},"modified":"2026-04-17T17:36:35","modified_gmt":"2026-04-17T14:36:35","slug":"veekeetja-mpm-2200w-1-7l-valge","status":"publish","type":"product","link":"https:\/\/homeemotion.lt\/lt\/toode\/veekeetja-mpm-2200w-1-7l-valge\/","title":{"rendered":"Virdulys MPM 1,7 l baltas"},"content":{"rendered":"","protected":false},"excerpt":{"rendered":"<p>Maht: 1.7 L. Automaatne v\u00e4ljal\u00fclitus. Veetaseme n\u00e4idik. Kaetud k\u00fcttekeha. 360\u00b0 alusel p\u00f6\u00f6ratav. V\u00e4rv: valge<\/p>\n<p>V\u00f5imsus: 2200W | V\u00e4rv: valge<\/p>","protected":false},"featured_media":17154,"template":"","meta":{"om_disable_all_campaigns":false,"_uf_show_specific_survey":0,"_uf_disable_surveys":false},"product_brand":[1114],"product_cat":[1006,1001,1010],"product_tag":[703],"class_list":{"0":"post-5361","1":"product","2":"type-product","3":"status-publish","4":"has-post-thumbnail","6":"product_brand-mpm","7":"product_cat-koogitehnika-tehnika","8":"product_cat-tehnika","9":"product_cat-veekeetjad","10":"product_tag-mpm","12":"first","13":"instock","14":"taxable","15":"shipping-taxable","16":"purchasable","17":"product-type-simple"},"aioseo_notices":[],"_links":{"self":[{"href":"https:\/\/homeemotion.lt\/lt\/wp-json\/wp\/v2\/product\/5361","targetHints":{"allow":["GET"]}}],"collection":[{"href":"https:\/\/homeemotion.lt\/lt\/wp-json\/wp\/v2\/product"}],"about":[{"href":"https:\/\/homeemotion.lt\/lt\/wp-json\/wp\/v2\/types\/product"}],"wp:featuredmedia":[{"embeddable":true,"href":"https:\/\/homeemotion.lt\/lt\/wp-json\/wp\/v2\/media\/17154"}],"wp:attachment":[{"href":"https:\/\/homeemotion.lt\/lt\/wp-json\/wp\/v2\/media?parent=5361"}],"wp:term":[{"taxonomy":"product_brand","embeddable":true,"href":"https:\/\/homeemotion.lt\/lt\/wp-json\/wp\/v2\/product_brand?post=5361"},{"taxonomy":"product_cat","embeddable":true,"href":"https:\/\/homeemotion.lt\/lt\/wp-json\/wp\/v2\/product_cat?post=5361"},{"taxonomy":"product_tag","embeddable":true,"href":"https:\/\/homeemotion.lt\/lt\/wp-json\/wp\/v2\/product_tag?post=5361"}],"curies":[{"name":"wp","href":"https:\/\/api.w.org\/{rel}","templated":true}]}}