{"id":5360,"date":"2020-04-07T19:18:27","date_gmt":"2020-04-07T16:18:27","guid":{"rendered":"https:\/\/homeemotion.lt\/toode\/veekeetja-mpm-1600w-1-0l-metall\/"},"modified":"2026-04-17T17:36:35","modified_gmt":"2026-04-17T14:36:35","slug":"veekeetja-mpm-1600w-1-0l-metall","status":"publish","type":"product","link":"https:\/\/homeemotion.lt\/lt\/toode\/veekeetja-mpm-1600w-1-0l-metall\/","title":{"rendered":"Virdulys MPM 1l metalinis"},"content":{"rendered":"","protected":false},"excerpt":{"rendered":"<p>Maht 1,0L. Automaatne v\u00e4ljal\u00fclitus. Valgustatud sisse- ja v\u00e4ljal\u00fclitamise nupp. Kaetud k\u00fcttekeha. 360\u00b0 alusel p\u00f6\u00f6ratav. Materjal: roostevaba teras<\/p>\n<p>V\u00f5imsus: 1600W<\/p>","protected":false},"featured_media":17153,"template":"","meta":{"om_disable_all_campaigns":false,"_uf_show_specific_survey":0,"_uf_disable_surveys":false},"product_brand":[1114],"product_cat":[1006,1001,1010],"product_tag":[703],"class_list":{"0":"post-5360","1":"product","2":"type-product","3":"status-publish","4":"has-post-thumbnail","6":"product_brand-mpm","7":"product_cat-koogitehnika-tehnika","8":"product_cat-tehnika","9":"product_cat-veekeetjad","10":"product_tag-mpm","12":"first","13":"instock","14":"taxable","15":"shipping-taxable","16":"purchasable","17":"product-type-simple"},"aioseo_notices":[],"_links":{"self":[{"href":"https:\/\/homeemotion.lt\/lt\/wp-json\/wp\/v2\/product\/5360","targetHints":{"allow":["GET"]}}],"collection":[{"href":"https:\/\/homeemotion.lt\/lt\/wp-json\/wp\/v2\/product"}],"about":[{"href":"https:\/\/homeemotion.lt\/lt\/wp-json\/wp\/v2\/types\/product"}],"wp:featuredmedia":[{"embeddable":true,"href":"https:\/\/homeemotion.lt\/lt\/wp-json\/wp\/v2\/media\/17153"}],"wp:attachment":[{"href":"https:\/\/homeemotion.lt\/lt\/wp-json\/wp\/v2\/media?parent=5360"}],"wp:term":[{"taxonomy":"product_brand","embeddable":true,"href":"https:\/\/homeemotion.lt\/lt\/wp-json\/wp\/v2\/product_brand?post=5360"},{"taxonomy":"product_cat","embeddable":true,"href":"https:\/\/homeemotion.lt\/lt\/wp-json\/wp\/v2\/product_cat?post=5360"},{"taxonomy":"product_tag","embeddable":true,"href":"https:\/\/homeemotion.lt\/lt\/wp-json\/wp\/v2\/product_tag?post=5360"}],"curies":[{"name":"wp","href":"https:\/\/api.w.org\/{rel}","templated":true}]}}