{"id":525,"date":"2017-10-24T18:29:47","date_gmt":"2017-10-24T15:29:47","guid":{"rendered":"http:\/\/marktrading.ee\/?post_type=product&#038;p=525"},"modified":"2026-04-17T21:37:04","modified_gmt":"2026-04-17T18:37:04","slug":"jaatisevalmistaja-kahe-nouga-2x1l","status":"publish","type":"product","link":"https:\/\/homeemotion.lt\/lt\/toode\/jaatisevalmistaja-kahe-nouga-2x1l\/","title":{"rendered":"Led\u0173 gaminimo aparatas Cuisinart, su dviem puodais 2x1L"},"content":{"rendered":"","protected":false},"excerpt":{"rendered":"<p>Kahe n\u00f5uga j\u00e4\u00e4tisemasin. . J\u00e4\u00e4tise valmistamise aeg 25 min. Kaks 1 liitrist j\u00e4\u00e4tise valmistamise kaussi. K\u00fclma hoidvad kausid. Tugevast plastmassist segamislabad. Harjatud metallist korpus<\/p>\n<p>V\u00f5imsus 50 W<\/p>","protected":false},"featured_media":17142,"template":"","meta":{"om_disable_all_campaigns":false,"_uf_show_specific_survey":0,"_uf_disable_surveys":false},"product_brand":[1100],"product_cat":[1053,955,973],"product_tag":[56],"class_list":{"0":"post-525","1":"product","2":"type-product","3":"status-publish","4":"has-post-thumbnail","6":"product_brand-cuisinart","7":"product_cat-jaatisemasinad","8":"product_cat-kodu","9":"product_cat-koogitehnika","10":"product_tag-cuisinart","12":"first","13":"instock","14":"taxable","15":"shipping-taxable","16":"purchasable","17":"product-type-simple"},"aioseo_notices":[],"_links":{"self":[{"href":"https:\/\/homeemotion.lt\/lt\/wp-json\/wp\/v2\/product\/525","targetHints":{"allow":["GET"]}}],"collection":[{"href":"https:\/\/homeemotion.lt\/lt\/wp-json\/wp\/v2\/product"}],"about":[{"href":"https:\/\/homeemotion.lt\/lt\/wp-json\/wp\/v2\/types\/product"}],"wp:featuredmedia":[{"embeddable":true,"href":"https:\/\/homeemotion.lt\/lt\/wp-json\/wp\/v2\/media\/17142"}],"wp:attachment":[{"href":"https:\/\/homeemotion.lt\/lt\/wp-json\/wp\/v2\/media?parent=525"}],"wp:term":[{"taxonomy":"product_brand","embeddable":true,"href":"https:\/\/homeemotion.lt\/lt\/wp-json\/wp\/v2\/product_brand?post=525"},{"taxonomy":"product_cat","embeddable":true,"href":"https:\/\/homeemotion.lt\/lt\/wp-json\/wp\/v2\/product_cat?post=525"},{"taxonomy":"product_tag","embeddable":true,"href":"https:\/\/homeemotion.lt\/lt\/wp-json\/wp\/v2\/product_tag?post=525"}],"curies":[{"name":"wp","href":"https:\/\/api.w.org\/{rel}","templated":true}]}}