{"id":5242,"date":"2020-04-03T15:02:12","date_gmt":"2020-04-03T12:02:12","guid":{"rendered":"https:\/\/homeemotion.lt\/?post_type=product&#038;p=5242"},"modified":"2026-04-17T19:11:25","modified_gmt":"2026-04-17T16:11:25","slug":"robottolmuimeja-domo","status":"publish","type":"product","link":"https:\/\/homeemotion.lt\/lt\/toode\/robottolmuimeja-domo\/","title":{"rendered":"Robotas dulki\u0173 siurblys Domo"},"content":{"rendered":"","protected":false},"excerpt":{"rendered":"<p>Sobib igat t\u00fc\u00fcpi p\u00f5randatele: puit, plaat, l\u00fchikese karvaga vaip, kivi, linoleum. Laadimisaeg 4 tundi. T\u00f6\u00f6aeg 120 min. Kergesti puhastatav 550 ml tolmumahuti. HEPA filtris\u00fcsteem. 48 andurit takistuste t\u00e4pseks tuvastamiseks. Kukkumisvastane s\u00fcsteem. Taimer. Puutetundlik ja valgustatud ekraan. Kaasas pult<\/p>","protected":false},"featured_media":16945,"template":"","meta":{"om_disable_all_campaigns":false,"_uf_show_specific_survey":0,"_uf_disable_surveys":false},"product_brand":[933],"product_cat":[1002,1027,1001],"product_tag":[116],"class_list":{"0":"post-5242","1":"product","2":"type-product","3":"status-publish","4":"has-post-thumbnail","6":"product_brand-domo","7":"product_cat-kodutehnika","8":"product_cat-robottolumuimejad","9":"product_cat-tehnika","10":"product_tag-domo","12":"first","13":"instock","14":"taxable","15":"shipping-taxable","16":"purchasable","17":"product-type-simple"},"aioseo_notices":[],"_links":{"self":[{"href":"https:\/\/homeemotion.lt\/lt\/wp-json\/wp\/v2\/product\/5242","targetHints":{"allow":["GET"]}}],"collection":[{"href":"https:\/\/homeemotion.lt\/lt\/wp-json\/wp\/v2\/product"}],"about":[{"href":"https:\/\/homeemotion.lt\/lt\/wp-json\/wp\/v2\/types\/product"}],"wp:featuredmedia":[{"embeddable":true,"href":"https:\/\/homeemotion.lt\/lt\/wp-json\/wp\/v2\/media\/16945"}],"wp:attachment":[{"href":"https:\/\/homeemotion.lt\/lt\/wp-json\/wp\/v2\/media?parent=5242"}],"wp:term":[{"taxonomy":"product_brand","embeddable":true,"href":"https:\/\/homeemotion.lt\/lt\/wp-json\/wp\/v2\/product_brand?post=5242"},{"taxonomy":"product_cat","embeddable":true,"href":"https:\/\/homeemotion.lt\/lt\/wp-json\/wp\/v2\/product_cat?post=5242"},{"taxonomy":"product_tag","embeddable":true,"href":"https:\/\/homeemotion.lt\/lt\/wp-json\/wp\/v2\/product_tag?post=5242"}],"curies":[{"name":"wp","href":"https:\/\/api.w.org\/{rel}","templated":true}]}}