{"id":523,"date":"2017-10-24T18:26:31","date_gmt":"2017-10-24T15:26:31","guid":{"rendered":"http:\/\/marktrading.ee\/?post_type=product&#038;p=523"},"modified":"2026-04-17T19:11:35","modified_gmt":"2026-04-17T16:11:35","slug":"jaatisevalmistaja-uhe-nouga-2l","status":"publish","type":"product","link":"https:\/\/homeemotion.lt\/lt\/toode\/jaatisevalmistaja-uhe-nouga-2l\/","title":{"rendered":"Led\u0173 gaminimo aparatas \"Cuisinart\", vieno indo 2 l"},"content":{"rendered":"","protected":false},"excerpt":{"rendered":"<p>j\u00e4\u00e4tise valmistamise aeg 25 min. maht 2 L. k\u00fclma hoidev kauss. sisse- ja v\u00e4ljal\u00fclitamise nupp<\/p>\n<p>V\u00f5imsus 25 W<\/p>","protected":false},"featured_media":17141,"template":"","meta":{"om_disable_all_campaigns":false,"_uf_show_specific_survey":0,"_uf_disable_surveys":false},"product_brand":[1100],"product_cat":[1053,955,973],"product_tag":[56],"class_list":{"0":"post-523","1":"product","2":"type-product","3":"status-publish","4":"has-post-thumbnail","6":"product_brand-cuisinart","7":"product_cat-jaatisemasinad","8":"product_cat-kodu","9":"product_cat-koogitehnika","10":"product_tag-cuisinart","12":"first","13":"instock","14":"taxable","15":"shipping-taxable","16":"purchasable","17":"product-type-simple"},"aioseo_notices":[],"_links":{"self":[{"href":"https:\/\/homeemotion.lt\/lt\/wp-json\/wp\/v2\/product\/523","targetHints":{"allow":["GET"]}}],"collection":[{"href":"https:\/\/homeemotion.lt\/lt\/wp-json\/wp\/v2\/product"}],"about":[{"href":"https:\/\/homeemotion.lt\/lt\/wp-json\/wp\/v2\/types\/product"}],"wp:featuredmedia":[{"embeddable":true,"href":"https:\/\/homeemotion.lt\/lt\/wp-json\/wp\/v2\/media\/17141"}],"wp:attachment":[{"href":"https:\/\/homeemotion.lt\/lt\/wp-json\/wp\/v2\/media?parent=523"}],"wp:term":[{"taxonomy":"product_brand","embeddable":true,"href":"https:\/\/homeemotion.lt\/lt\/wp-json\/wp\/v2\/product_brand?post=523"},{"taxonomy":"product_cat","embeddable":true,"href":"https:\/\/homeemotion.lt\/lt\/wp-json\/wp\/v2\/product_cat?post=523"},{"taxonomy":"product_tag","embeddable":true,"href":"https:\/\/homeemotion.lt\/lt\/wp-json\/wp\/v2\/product_tag?post=523"}],"curies":[{"name":"wp","href":"https:\/\/api.w.org\/{rel}","templated":true}]}}