{"id":5190,"date":"2020-04-01T17:08:30","date_gmt":"2020-04-01T14:08:30","guid":{"rendered":"https:\/\/homeemotion.lt\/toode\/vrtsi-ja-phkliveski-sinine\/"},"modified":"2026-04-21T14:13:35","modified_gmt":"2026-04-21T11:13:35","slug":"vrtsi-ja-phkliveski-sinine","status":"publish","type":"product","link":"https:\/\/homeemotion.lt\/lt\/toode\/vrtsi-ja-phkliveski-sinine\/","title":{"rendered":"V\u00fcrtsi- ja p\u00e4hkliveski sinine Cuisinart"},"content":{"rendered":"","protected":false},"excerpt":{"rendered":"<p>.. veski sobib maitsetaimede, v\u00fcrtside, p\u00e4hklite, seemnete hakkimiseks.. Komplektis 2 kaanega anumat.. Anumad ja kaaned on n\u00f5udepesumasinas pestavad.. V\u00e4rv: sinine\/metallik<\/p>\n<p>V\u00f5imsus 200 W. | V\u00e4rv: sinine\/metallik<\/p>","protected":false},"featured_media":17185,"template":"","meta":{"om_disable_all_campaigns":false,"_uf_show_specific_survey":0,"_uf_disable_surveys":false},"product_brand":[1100],"product_cat":[1157,1006,1001],"product_tag":[56],"class_list":{"0":"post-5190","1":"product","2":"type-product","3":"status-publish","4":"has-post-thumbnail","6":"product_brand-cuisinart","7":"product_cat-koogikombainid-koogitehnika-tehnika","8":"product_cat-koogitehnika-tehnika","9":"product_cat-tehnika","10":"product_tag-cuisinart","12":"first","13":"instock","14":"taxable","15":"shipping-taxable","16":"purchasable","17":"product-type-simple"},"aioseo_notices":[],"_links":{"self":[{"href":"https:\/\/homeemotion.lt\/lt\/wp-json\/wp\/v2\/product\/5190","targetHints":{"allow":["GET"]}}],"collection":[{"href":"https:\/\/homeemotion.lt\/lt\/wp-json\/wp\/v2\/product"}],"about":[{"href":"https:\/\/homeemotion.lt\/lt\/wp-json\/wp\/v2\/types\/product"}],"wp:featuredmedia":[{"embeddable":true,"href":"https:\/\/homeemotion.lt\/lt\/wp-json\/wp\/v2\/media\/17185"}],"wp:attachment":[{"href":"https:\/\/homeemotion.lt\/lt\/wp-json\/wp\/v2\/media?parent=5190"}],"wp:term":[{"taxonomy":"product_brand","embeddable":true,"href":"https:\/\/homeemotion.lt\/lt\/wp-json\/wp\/v2\/product_brand?post=5190"},{"taxonomy":"product_cat","embeddable":true,"href":"https:\/\/homeemotion.lt\/lt\/wp-json\/wp\/v2\/product_cat?post=5190"},{"taxonomy":"product_tag","embeddable":true,"href":"https:\/\/homeemotion.lt\/lt\/wp-json\/wp\/v2\/product_tag?post=5190"}],"curies":[{"name":"wp","href":"https:\/\/api.w.org\/{rel}","templated":true}]}}