{"id":5187,"date":"2020-04-01T17:08:30","date_gmt":"2020-04-01T14:08:30","guid":{"rendered":"https:\/\/homeemotion.lt\/toode\/multifunktsionaalne-grill-1600w-cuisinart\/"},"modified":"2026-04-17T15:37:09","modified_gmt":"2026-04-17T12:37:09","slug":"multifunktsionaalne-grill-1600w-cuisinart","status":"publish","type":"product","link":"https:\/\/homeemotion.lt\/lt\/toode\/multifunktsionaalne-grill-1600w-cuisinart\/","title":{"rendered":"Daugiafunkcinis grilis \"Cuisinart"},"content":{"rendered":"","protected":false},"excerpt":{"rendered":"<p>K\u00fclgev\u00f5tmatud k\u00fcpsetusplaadid \u00fchtlase temperatuurijaotusega. Plaadi m\u00f5\u00f5tmed 30X24.5 cm. 2 m\u00e4rgutuld. Eemaldatav rasvaalus. Mittekuumenevad k\u00e4epidemed. Mittelibisevad jalad. Reguleeritav temperatuur kuni 240\u00b0C. Komplekti kuulub vahend k\u00fcpsetusplaatide puhastamiseks<\/p>\n<p>V\u00f5imsus: 1600W<\/p>","protected":false},"featured_media":17043,"template":"","meta":{"om_disable_all_campaigns":false,"_uf_show_specific_survey":0,"_uf_disable_surveys":false},"product_brand":[1100],"product_cat":[974,955,973],"product_tag":[56],"class_list":{"0":"post-5187","1":"product","2":"type-product","3":"status-publish","4":"has-post-thumbnail","6":"product_brand-cuisinart","7":"product_cat-grillid","8":"product_cat-kodu","9":"product_cat-koogitehnika","10":"product_tag-cuisinart","12":"first","13":"instock","14":"taxable","15":"shipping-taxable","16":"purchasable","17":"product-type-simple"},"aioseo_notices":[],"_links":{"self":[{"href":"https:\/\/homeemotion.lt\/lt\/wp-json\/wp\/v2\/product\/5187","targetHints":{"allow":["GET"]}}],"collection":[{"href":"https:\/\/homeemotion.lt\/lt\/wp-json\/wp\/v2\/product"}],"about":[{"href":"https:\/\/homeemotion.lt\/lt\/wp-json\/wp\/v2\/types\/product"}],"wp:featuredmedia":[{"embeddable":true,"href":"https:\/\/homeemotion.lt\/lt\/wp-json\/wp\/v2\/media\/17043"}],"wp:attachment":[{"href":"https:\/\/homeemotion.lt\/lt\/wp-json\/wp\/v2\/media?parent=5187"}],"wp:term":[{"taxonomy":"product_brand","embeddable":true,"href":"https:\/\/homeemotion.lt\/lt\/wp-json\/wp\/v2\/product_brand?post=5187"},{"taxonomy":"product_cat","embeddable":true,"href":"https:\/\/homeemotion.lt\/lt\/wp-json\/wp\/v2\/product_cat?post=5187"},{"taxonomy":"product_tag","embeddable":true,"href":"https:\/\/homeemotion.lt\/lt\/wp-json\/wp\/v2\/product_tag?post=5187"}],"curies":[{"name":"wp","href":"https:\/\/api.w.org\/{rel}","templated":true}]}}