{"id":5184,"date":"2020-04-01T17:08:30","date_gmt":"2020-04-01T14:08:30","guid":{"rendered":"https:\/\/homeemotion.lt\/toode\/rster-2-le-viilule-metall-roheline-cuisinart\/"},"modified":"2026-04-17T20:11:40","modified_gmt":"2026-04-17T17:11:40","slug":"rster-2-le-viilule-metall-roheline-cuisinart","status":"publish","type":"product","link":"https:\/\/homeemotion.lt\/lt\/toode\/rster-2-le-viilule-metall-roheline-cuisinart\/","title":{"rendered":"2 riekeli\u0173 skrudintuvas \"Cuisinart\", \u017ealias"},"content":{"rendered":"","protected":false},"excerpt":{"rendered":"<p>Laia avaga 2 viilu r\u00f6ster. 3 funktsiooni: r\u00f6stimine, soojendamine, sulatamine. P\u00f6\u00f6rdl\u00fcliti pruunistamisastme reguleerimiseks. Eemaldatav purukandik. V\u00e4rv: metall\/roheline<\/p>\n<p>V\u00f5imsus: 900W | V\u00e4rv: metall\/roheline<\/p>","protected":false},"featured_media":16875,"template":"","meta":{"om_disable_all_campaigns":false,"_uf_show_specific_survey":0,"_uf_disable_surveys":false},"product_brand":[1100],"product_cat":[1006,1011,1001],"product_tag":[56],"class_list":{"0":"post-5184","1":"product","2":"type-product","3":"status-publish","4":"has-post-thumbnail","6":"product_brand-cuisinart","7":"product_cat-koogitehnika-tehnika","8":"product_cat-rosterid","9":"product_cat-tehnika","10":"product_tag-cuisinart","12":"first","13":"instock","14":"taxable","15":"shipping-taxable","16":"purchasable","17":"product-type-simple"},"aioseo_notices":[],"_links":{"self":[{"href":"https:\/\/homeemotion.lt\/lt\/wp-json\/wp\/v2\/product\/5184","targetHints":{"allow":["GET"]}}],"collection":[{"href":"https:\/\/homeemotion.lt\/lt\/wp-json\/wp\/v2\/product"}],"about":[{"href":"https:\/\/homeemotion.lt\/lt\/wp-json\/wp\/v2\/types\/product"}],"wp:featuredmedia":[{"embeddable":true,"href":"https:\/\/homeemotion.lt\/lt\/wp-json\/wp\/v2\/media\/16875"}],"wp:attachment":[{"href":"https:\/\/homeemotion.lt\/lt\/wp-json\/wp\/v2\/media?parent=5184"}],"wp:term":[{"taxonomy":"product_brand","embeddable":true,"href":"https:\/\/homeemotion.lt\/lt\/wp-json\/wp\/v2\/product_brand?post=5184"},{"taxonomy":"product_cat","embeddable":true,"href":"https:\/\/homeemotion.lt\/lt\/wp-json\/wp\/v2\/product_cat?post=5184"},{"taxonomy":"product_tag","embeddable":true,"href":"https:\/\/homeemotion.lt\/lt\/wp-json\/wp\/v2\/product_tag?post=5184"}],"curies":[{"name":"wp","href":"https:\/\/api.w.org\/{rel}","templated":true}]}}