{"id":5182,"date":"2020-04-01T17:08:29","date_gmt":"2020-04-01T14:08:29","guid":{"rendered":"https:\/\/homeemotion.lt\/toode\/saumikseri-komplekt-3in1-laetav-cuisinart\/"},"modified":"2020-11-09T00:00:34","modified_gmt":"2020-11-08T21:00:34","slug":"saumikseri-komplekt-3in1-laetav-cuisinart","status":"publish","type":"product","link":"https:\/\/homeemotion.lt\/lt\/toode\/saumikseri-komplekt-3in1-laetav-cuisinart\/","title":{"rendered":"\u012ekraunam\u0173 \"Cuisinart\" sul\u010diaspaud\u017ei\u0173 3in1 rinkinys"},"content":{"rendered":"","protected":false},"excerpt":{"rendered":"<ul>\n<li>Laetav saumikseri komplekt.<\/li>\n<li>2.5 h laadimist &#8211; kasutusaeg kuni 20 minutit.<\/li>\n<li>Laadimisalus, laadimisindikaator, 5 kiirust.<\/li>\n<li>Metallist saumikser &#8211; kannatab temperatuuri kuni 100 \u00b0C.<\/li>\n<li>Ideaalne p\u00fcreesuppide valmistamiseks.<\/li>\n<li>Metallist vispel &#8211; sobib ka piima vahustamiseks.<\/li>\n<li>Purustaja kartulipudru valmistamiseks<\/li>\n<\/ul>","protected":false},"featured_media":5228,"template":"","meta":{"om_disable_all_campaigns":false,"_uf_show_specific_survey":0,"_uf_disable_surveys":false},"product_brand":[],"product_cat":[109],"product_tag":[],"class_list":{"0":"post-5182","1":"product","2":"type-product","3":"status-publish","4":"has-post-thumbnail","6":"product_cat-uncategorized","8":"first","9":"instock","10":"taxable","11":"shipping-taxable","12":"purchasable","13":"product-type-simple"},"aioseo_notices":[],"_links":{"self":[{"href":"https:\/\/homeemotion.lt\/lt\/wp-json\/wp\/v2\/product\/5182","targetHints":{"allow":["GET"]}}],"collection":[{"href":"https:\/\/homeemotion.lt\/lt\/wp-json\/wp\/v2\/product"}],"about":[{"href":"https:\/\/homeemotion.lt\/lt\/wp-json\/wp\/v2\/types\/product"}],"wp:featuredmedia":[{"embeddable":true,"href":"https:\/\/homeemotion.lt\/lt\/wp-json\/wp\/v2\/media\/5228"}],"wp:attachment":[{"href":"https:\/\/homeemotion.lt\/lt\/wp-json\/wp\/v2\/media?parent=5182"}],"wp:term":[{"taxonomy":"product_brand","embeddable":true,"href":"https:\/\/homeemotion.lt\/lt\/wp-json\/wp\/v2\/product_brand?post=5182"},{"taxonomy":"product_cat","embeddable":true,"href":"https:\/\/homeemotion.lt\/lt\/wp-json\/wp\/v2\/product_cat?post=5182"},{"taxonomy":"product_tag","embeddable":true,"href":"https:\/\/homeemotion.lt\/lt\/wp-json\/wp\/v2\/product_tag?post=5182"}],"curies":[{"name":"wp","href":"https:\/\/api.w.org\/{rel}","templated":true}]}}