{"id":516,"date":"2017-10-24T18:13:59","date_gmt":"2017-10-24T15:13:59","guid":{"rendered":"http:\/\/marktrading.ee\/?post_type=product&#038;p=516"},"modified":"2026-04-17T19:11:23","modified_gmt":"2026-04-17T16:11:23","slug":"riisikeetja-aurutaja-650w-38l","status":"publish","type":"product","link":"https:\/\/homeemotion.lt\/lt\/toode\/riisikeetja-aurutaja-650w-38l\/","title":{"rendered":"Ry\u017ei\u0173 virykl\u0117 \/ garintuv\u0117 Cuisinart 650W 3,8 l"},"content":{"rendered":"","protected":false},"excerpt":{"rendered":"<p>mahutavus 1,4 L. eemaldatav mittenakkuva pinnaga keedun\u00f5u. aurutamisn\u00f5u k\u00f6\u00f6givilja, liha ja kala aurutamiseks. auruavaga klaasist kaas. automaatne v\u00e4ljal\u00fclitumine keemise l\u00f5ppedes, l\u00fclitub soojashoidmise re\u017eiimile. sisse- ja v\u00e4ljal\u00fclitamise nupp. komplekti kuulub: riisispaatel, m\u00f5\u00f5ten\u00f5u, roostevabast terasest aurukorv<\/p>\n<p>V\u00f5imsus 650 W<\/p>","protected":false},"featured_media":16886,"template":"","meta":{"om_disable_all_campaigns":false,"_uf_show_specific_survey":0,"_uf_disable_surveys":false},"product_brand":[1100],"product_cat":[1012,955,973],"product_tag":[56],"class_list":{"0":"post-516","1":"product","2":"type-product","3":"status-publish","4":"has-post-thumbnail","6":"product_brand-cuisinart","7":"product_cat-aurutajad","8":"product_cat-kodu","9":"product_cat-koogitehnika","10":"product_tag-cuisinart","12":"first","13":"instock","14":"taxable","15":"shipping-taxable","16":"purchasable","17":"product-type-simple"},"aioseo_notices":[],"_links":{"self":[{"href":"https:\/\/homeemotion.lt\/lt\/wp-json\/wp\/v2\/product\/516","targetHints":{"allow":["GET"]}}],"collection":[{"href":"https:\/\/homeemotion.lt\/lt\/wp-json\/wp\/v2\/product"}],"about":[{"href":"https:\/\/homeemotion.lt\/lt\/wp-json\/wp\/v2\/types\/product"}],"wp:featuredmedia":[{"embeddable":true,"href":"https:\/\/homeemotion.lt\/lt\/wp-json\/wp\/v2\/media\/16886"}],"wp:attachment":[{"href":"https:\/\/homeemotion.lt\/lt\/wp-json\/wp\/v2\/media?parent=516"}],"wp:term":[{"taxonomy":"product_brand","embeddable":true,"href":"https:\/\/homeemotion.lt\/lt\/wp-json\/wp\/v2\/product_brand?post=516"},{"taxonomy":"product_cat","embeddable":true,"href":"https:\/\/homeemotion.lt\/lt\/wp-json\/wp\/v2\/product_cat?post=516"},{"taxonomy":"product_tag","embeddable":true,"href":"https:\/\/homeemotion.lt\/lt\/wp-json\/wp\/v2\/product_tag?post=516"}],"curies":[{"name":"wp","href":"https:\/\/api.w.org\/{rel}","templated":true}]}}