{"id":500,"date":"2017-10-24T17:50:21","date_gmt":"2017-10-24T14:50:21","guid":{"rendered":"http:\/\/marktrading.ee\/?post_type=product&#038;p=500"},"modified":"2026-04-21T16:40:17","modified_gmt":"2026-04-21T13:40:17","slug":"tsitrusepress-100w-tilgalukuga","status":"publish","type":"product","link":"https:\/\/homeemotion.lt\/lt\/toode\/tsitrusepress-100w-tilgalukuga\/","title":{"rendered":"\"Cuisinart\" citrusini\u0173 vaisi\u0173 sul\u010diaspaud\u0117"},"content":{"rendered":"","protected":false},"excerpt":{"rendered":"<p>korpuse materjal: roostevaba teras. automaatne sisse- ja v\u00e4ljal\u00fclitus. tilgalukk. eemaldatavaid osi v\u00f5ib pesta n\u00f5udepesumasinas<\/p>\n<p>V\u00f5imsus: 100 W<\/p>","protected":false},"featured_media":16863,"template":"","meta":{"om_disable_all_campaigns":false,"_uf_show_specific_survey":0,"_uf_disable_surveys":false},"product_brand":[1100],"product_cat":[955,973,1008],"product_tag":[56],"class_list":{"0":"post-500","1":"product","2":"type-product","3":"status-publish","4":"has-post-thumbnail","6":"product_brand-cuisinart","7":"product_cat-kodu","8":"product_cat-koogitehnika","9":"product_cat-mahlapressid","10":"product_tag-cuisinart","12":"first","13":"instock","14":"taxable","15":"shipping-taxable","16":"purchasable","17":"product-type-simple"},"aioseo_notices":[],"_links":{"self":[{"href":"https:\/\/homeemotion.lt\/lt\/wp-json\/wp\/v2\/product\/500","targetHints":{"allow":["GET"]}}],"collection":[{"href":"https:\/\/homeemotion.lt\/lt\/wp-json\/wp\/v2\/product"}],"about":[{"href":"https:\/\/homeemotion.lt\/lt\/wp-json\/wp\/v2\/types\/product"}],"wp:featuredmedia":[{"embeddable":true,"href":"https:\/\/homeemotion.lt\/lt\/wp-json\/wp\/v2\/media\/16863"}],"wp:attachment":[{"href":"https:\/\/homeemotion.lt\/lt\/wp-json\/wp\/v2\/media?parent=500"}],"wp:term":[{"taxonomy":"product_brand","embeddable":true,"href":"https:\/\/homeemotion.lt\/lt\/wp-json\/wp\/v2\/product_brand?post=500"},{"taxonomy":"product_cat","embeddable":true,"href":"https:\/\/homeemotion.lt\/lt\/wp-json\/wp\/v2\/product_cat?post=500"},{"taxonomy":"product_tag","embeddable":true,"href":"https:\/\/homeemotion.lt\/lt\/wp-json\/wp\/v2\/product_tag?post=500"}],"curies":[{"name":"wp","href":"https:\/\/api.w.org\/{rel}","templated":true}]}}