{"id":4336,"date":"2018-12-14T16:24:45","date_gmt":"2018-12-14T13:24:45","guid":{"rendered":"http:\/\/marktrading.ee\/?post_type=product&#038;p=4336"},"modified":"2026-04-19T16:37:57","modified_gmt":"2026-04-19T13:37:57","slug":"valamu-soel-75-cm-roostevaba-chef-aid","status":"publish","type":"product","link":"https:\/\/homeemotion.lt\/lt\/toode\/valamu-soel-75-cm-roostevaba-chef-aid\/","title":{"rendered":"Kriaukl\u0117s sietelis 7,5 cm i\u0161 ner\u016bdijan\u010dio plieno \"Chef Aid"},"content":{"rendered":"","protected":false},"excerpt":{"rendered":"","protected":false},"featured_media":16633,"template":"","meta":{"om_disable_all_campaigns":false,"_uf_show_specific_survey":0,"_uf_disable_surveys":false},"product_brand":[1083],"product_cat":[955,956,958],"product_tag":[285],"class_list":{"0":"post-4336","1":"product","2":"type-product","3":"status-publish","4":"has-post-thumbnail","6":"product_brand-chef-aid","7":"product_cat-kodu","8":"product_cat-koogitarvikud","9":"product_cat-soelad","10":"product_tag-chef-aid","12":"first","13":"outofstock","14":"taxable","15":"shipping-taxable","16":"purchasable","17":"product-type-simple"},"aioseo_notices":[],"_links":{"self":[{"href":"https:\/\/homeemotion.lt\/lt\/wp-json\/wp\/v2\/product\/4336","targetHints":{"allow":["GET"]}}],"collection":[{"href":"https:\/\/homeemotion.lt\/lt\/wp-json\/wp\/v2\/product"}],"about":[{"href":"https:\/\/homeemotion.lt\/lt\/wp-json\/wp\/v2\/types\/product"}],"wp:featuredmedia":[{"embeddable":true,"href":"https:\/\/homeemotion.lt\/lt\/wp-json\/wp\/v2\/media\/16633"}],"wp:attachment":[{"href":"https:\/\/homeemotion.lt\/lt\/wp-json\/wp\/v2\/media?parent=4336"}],"wp:term":[{"taxonomy":"product_brand","embeddable":true,"href":"https:\/\/homeemotion.lt\/lt\/wp-json\/wp\/v2\/product_brand?post=4336"},{"taxonomy":"product_cat","embeddable":true,"href":"https:\/\/homeemotion.lt\/lt\/wp-json\/wp\/v2\/product_cat?post=4336"},{"taxonomy":"product_tag","embeddable":true,"href":"https:\/\/homeemotion.lt\/lt\/wp-json\/wp\/v2\/product_tag?post=4336"}],"curies":[{"name":"wp","href":"https:\/\/api.w.org\/{rel}","templated":true}]}}