{"id":4313,"date":"2018-12-14T12:20:40","date_gmt":"2018-12-14T09:20:40","guid":{"rendered":"http:\/\/marktrading.ee\/?post_type=product&#038;p=4313"},"modified":"2026-04-21T14:12:33","modified_gmt":"2026-04-21T11:12:33","slug":"valamu-soel-75-cm-roostevaba-tala","status":"publish","type":"product","link":"https:\/\/homeemotion.lt\/lt\/toode\/valamu-soel-75-cm-roostevaba-tala\/","title":{"rendered":"Kriaukl\u0117s sietelis 7,5 cm i\u0161 ner\u016bdijan\u010dio plieno Beam"},"content":{"rendered":"","protected":false},"excerpt":{"rendered":"","protected":false},"featured_media":16606,"template":"","meta":{"om_disable_all_campaigns":false,"_uf_show_specific_survey":0,"_uf_disable_surveys":false},"product_brand":[1082],"product_cat":[955,956],"product_tag":[266],"class_list":{"0":"post-4313","1":"product","2":"type-product","3":"status-publish","4":"has-post-thumbnail","6":"product_brand-tala","7":"product_cat-kodu","8":"product_cat-koogitarvikud","9":"product_tag-tala","11":"first","12":"instock","13":"taxable","14":"shipping-taxable","15":"purchasable","16":"product-type-simple"},"aioseo_notices":[],"_links":{"self":[{"href":"https:\/\/homeemotion.lt\/lt\/wp-json\/wp\/v2\/product\/4313","targetHints":{"allow":["GET"]}}],"collection":[{"href":"https:\/\/homeemotion.lt\/lt\/wp-json\/wp\/v2\/product"}],"about":[{"href":"https:\/\/homeemotion.lt\/lt\/wp-json\/wp\/v2\/types\/product"}],"wp:featuredmedia":[{"embeddable":true,"href":"https:\/\/homeemotion.lt\/lt\/wp-json\/wp\/v2\/media\/16606"}],"wp:attachment":[{"href":"https:\/\/homeemotion.lt\/lt\/wp-json\/wp\/v2\/media?parent=4313"}],"wp:term":[{"taxonomy":"product_brand","embeddable":true,"href":"https:\/\/homeemotion.lt\/lt\/wp-json\/wp\/v2\/product_brand?post=4313"},{"taxonomy":"product_cat","embeddable":true,"href":"https:\/\/homeemotion.lt\/lt\/wp-json\/wp\/v2\/product_cat?post=4313"},{"taxonomy":"product_tag","embeddable":true,"href":"https:\/\/homeemotion.lt\/lt\/wp-json\/wp\/v2\/product_tag?post=4313"}],"curies":[{"name":"wp","href":"https:\/\/api.w.org\/{rel}","templated":true}]}}