{"id":4310,"date":"2018-12-14T12:15:29","date_gmt":"2018-12-14T09:15:29","guid":{"rendered":"http:\/\/marktrading.ee\/?post_type=product&#038;p=4310"},"modified":"2026-04-21T14:12:33","modified_gmt":"2026-04-21T11:12:33","slug":"shampuse-pudeli-kork-sulgur-tala","status":"publish","type":"product","link":"https:\/\/homeemotion.lt\/lt\/toode\/shampuse-pudeli-kork-sulgur-tala\/","title":{"rendered":"\u0160amp\u016bno buteliuko dangtelio u\u017edarymo \u012ftaisas \"Tala"},"content":{"rendered":"","protected":false},"excerpt":{"rendered":"<p>Gaminio skersmuo 4 cm, auk\u0161tis 5 cm. Pagamintas i\u0161 ner\u016bdijan\u010dio plieno<\/p>","protected":false},"featured_media":16604,"template":"","meta":{"om_disable_all_campaigns":false,"_uf_show_specific_survey":0,"_uf_disable_surveys":false},"product_brand":[1082],"product_cat":[961,955,956],"product_tag":[266],"class_list":{"0":"post-4310","1":"product","2":"type-product","3":"status-publish","4":"has-post-thumbnail","6":"product_brand-tala","7":"product_cat-joogitarvikud","8":"product_cat-kodu","9":"product_cat-koogitarvikud","10":"product_tag-tala","12":"first","13":"instock","14":"taxable","15":"shipping-taxable","16":"purchasable","17":"product-type-simple"},"aioseo_notices":[],"_links":{"self":[{"href":"https:\/\/homeemotion.lt\/lt\/wp-json\/wp\/v2\/product\/4310","targetHints":{"allow":["GET"]}}],"collection":[{"href":"https:\/\/homeemotion.lt\/lt\/wp-json\/wp\/v2\/product"}],"about":[{"href":"https:\/\/homeemotion.lt\/lt\/wp-json\/wp\/v2\/types\/product"}],"wp:featuredmedia":[{"embeddable":true,"href":"https:\/\/homeemotion.lt\/lt\/wp-json\/wp\/v2\/media\/16604"}],"wp:attachment":[{"href":"https:\/\/homeemotion.lt\/lt\/wp-json\/wp\/v2\/media?parent=4310"}],"wp:term":[{"taxonomy":"product_brand","embeddable":true,"href":"https:\/\/homeemotion.lt\/lt\/wp-json\/wp\/v2\/product_brand?post=4310"},{"taxonomy":"product_cat","embeddable":true,"href":"https:\/\/homeemotion.lt\/lt\/wp-json\/wp\/v2\/product_cat?post=4310"},{"taxonomy":"product_tag","embeddable":true,"href":"https:\/\/homeemotion.lt\/lt\/wp-json\/wp\/v2\/product_tag?post=4310"}],"curies":[{"name":"wp","href":"https:\/\/api.w.org\/{rel}","templated":true}]}}