{"id":4291,"date":"2018-12-14T11:08:44","date_gmt":"2018-12-14T08:08:44","guid":{"rendered":"http:\/\/marktrading.ee\/?post_type=product&#038;p=4291"},"modified":"2026-04-17T22:11:22","modified_gmt":"2026-04-17T19:11:22","slug":"jaatisevorm-6tk-vihmavari-tala","status":"publish","type":"product","link":"https:\/\/homeemotion.lt\/lt\/toode\/jaatisevorm-6tk-vihmavari-tala\/","title":{"rendered":"Led\u0173 formel\u0117s 6 vnt. sk\u0117tis Tala"},"content":{"rendered":"","protected":false},"excerpt":{"rendered":"<p>6 j\u00e4\u00e4tisevormi vihmavarju kujulised<\/p>","protected":false},"featured_media":16595,"template":"","meta":{"om_disable_all_campaigns":false,"_uf_show_specific_survey":0,"_uf_disable_surveys":false},"product_brand":[1082],"product_cat":[955,956,960],"product_tag":[266],"class_list":{"0":"post-4291","1":"product","2":"type-product","3":"status-publish","4":"has-post-thumbnail","6":"product_brand-tala","7":"product_cat-kodu","8":"product_cat-koogitarvikud","9":"product_cat-lusikad-ja-noad-kahvlid","10":"product_tag-tala","12":"first","13":"instock","14":"taxable","15":"shipping-taxable","16":"purchasable","17":"product-type-simple"},"aioseo_notices":[],"_links":{"self":[{"href":"https:\/\/homeemotion.lt\/lt\/wp-json\/wp\/v2\/product\/4291","targetHints":{"allow":["GET"]}}],"collection":[{"href":"https:\/\/homeemotion.lt\/lt\/wp-json\/wp\/v2\/product"}],"about":[{"href":"https:\/\/homeemotion.lt\/lt\/wp-json\/wp\/v2\/types\/product"}],"wp:featuredmedia":[{"embeddable":true,"href":"https:\/\/homeemotion.lt\/lt\/wp-json\/wp\/v2\/media\/16595"}],"wp:attachment":[{"href":"https:\/\/homeemotion.lt\/lt\/wp-json\/wp\/v2\/media?parent=4291"}],"wp:term":[{"taxonomy":"product_brand","embeddable":true,"href":"https:\/\/homeemotion.lt\/lt\/wp-json\/wp\/v2\/product_brand?post=4291"},{"taxonomy":"product_cat","embeddable":true,"href":"https:\/\/homeemotion.lt\/lt\/wp-json\/wp\/v2\/product_cat?post=4291"},{"taxonomy":"product_tag","embeddable":true,"href":"https:\/\/homeemotion.lt\/lt\/wp-json\/wp\/v2\/product_tag?post=4291"}],"curies":[{"name":"wp","href":"https:\/\/api.w.org\/{rel}","templated":true}]}}