{"id":4289,"date":"2018-12-14T11:00:35","date_gmt":"2018-12-14T08:00:35","guid":{"rendered":"http:\/\/marktrading.ee\/?post_type=product&#038;p=4289"},"modified":"2026-04-21T14:12:32","modified_gmt":"2026-04-21T11:12:32","slug":"kirsikivide-eemaldaja-tala","status":"publish","type":"product","link":"https:\/\/homeemotion.lt\/lt\/toode\/kirsikivide-eemaldaja-tala\/","title":{"rendered":"Vy\u0161ni\u0173 kauliuk\u0173 valiklis \"Beam"},"content":{"rendered":"","protected":false},"excerpt":{"rendered":"","protected":false},"featured_media":16594,"template":"","meta":{"om_disable_all_campaigns":false,"_uf_show_specific_survey":0,"_uf_disable_surveys":false},"product_brand":[1082],"product_cat":[955,956,960],"product_tag":[266],"class_list":{"0":"post-4289","1":"product","2":"type-product","3":"status-publish","4":"has-post-thumbnail","6":"product_brand-tala","7":"product_cat-kodu","8":"product_cat-koogitarvikud","9":"product_cat-lusikad-ja-noad-kahvlid","10":"product_tag-tala","12":"first","13":"instock","14":"taxable","15":"shipping-taxable","16":"purchasable","17":"product-type-simple"},"aioseo_notices":[],"_links":{"self":[{"href":"https:\/\/homeemotion.lt\/lt\/wp-json\/wp\/v2\/product\/4289","targetHints":{"allow":["GET"]}}],"collection":[{"href":"https:\/\/homeemotion.lt\/lt\/wp-json\/wp\/v2\/product"}],"about":[{"href":"https:\/\/homeemotion.lt\/lt\/wp-json\/wp\/v2\/types\/product"}],"wp:featuredmedia":[{"embeddable":true,"href":"https:\/\/homeemotion.lt\/lt\/wp-json\/wp\/v2\/media\/16594"}],"wp:attachment":[{"href":"https:\/\/homeemotion.lt\/lt\/wp-json\/wp\/v2\/media?parent=4289"}],"wp:term":[{"taxonomy":"product_brand","embeddable":true,"href":"https:\/\/homeemotion.lt\/lt\/wp-json\/wp\/v2\/product_brand?post=4289"},{"taxonomy":"product_cat","embeddable":true,"href":"https:\/\/homeemotion.lt\/lt\/wp-json\/wp\/v2\/product_cat?post=4289"},{"taxonomy":"product_tag","embeddable":true,"href":"https:\/\/homeemotion.lt\/lt\/wp-json\/wp\/v2\/product_tag?post=4289"}],"curies":[{"name":"wp","href":"https:\/\/api.w.org\/{rel}","templated":true}]}}