{"id":4129,"date":"2018-12-10T23:12:30","date_gmt":"2018-12-10T20:12:30","guid":{"rendered":"http:\/\/marktrading.ee\/?post_type=product&#038;p=4129"},"modified":"2026-04-17T20:36:30","modified_gmt":"2026-04-17T17:36:30","slug":"kuunepoleerija-babyliss","status":"publish","type":"product","link":"https:\/\/homeemotion.lt\/lt\/toode\/kuunepoleerija-babyliss\/","title":{"rendered":"Nag\u0173 poliruoklis \"Babyliss"},"content":{"rendered":"","protected":false},"excerpt":{"rendered":"<p>Elektriline 3-\u00fches viil ja poleerija k\u00fc\u00fcnte viilimiseks, lihvimiseks ja poleerimiseks. toide: 2XAA patarei (kuulub komplekti)<\/p>","protected":false},"featured_media":17053,"template":"","meta":{"om_disable_all_campaigns":false,"_uf_show_specific_survey":0,"_uf_disable_surveys":false},"product_brand":[1087],"product_cat":[985,986],"product_tag":[19],"class_list":{"0":"post-4129","1":"product","2":"type-product","3":"status-publish","4":"has-post-thumbnail","6":"product_brand-babyliss","7":"product_cat-ilu","8":"product_cat-ilutooted","9":"product_tag-babyliss","11":"first","12":"instock","13":"taxable","14":"shipping-taxable","15":"purchasable","16":"product-type-simple"},"aioseo_notices":[],"_links":{"self":[{"href":"https:\/\/homeemotion.lt\/lt\/wp-json\/wp\/v2\/product\/4129","targetHints":{"allow":["GET"]}}],"collection":[{"href":"https:\/\/homeemotion.lt\/lt\/wp-json\/wp\/v2\/product"}],"about":[{"href":"https:\/\/homeemotion.lt\/lt\/wp-json\/wp\/v2\/types\/product"}],"wp:featuredmedia":[{"embeddable":true,"href":"https:\/\/homeemotion.lt\/lt\/wp-json\/wp\/v2\/media\/17053"}],"wp:attachment":[{"href":"https:\/\/homeemotion.lt\/lt\/wp-json\/wp\/v2\/media?parent=4129"}],"wp:term":[{"taxonomy":"product_brand","embeddable":true,"href":"https:\/\/homeemotion.lt\/lt\/wp-json\/wp\/v2\/product_brand?post=4129"},{"taxonomy":"product_cat","embeddable":true,"href":"https:\/\/homeemotion.lt\/lt\/wp-json\/wp\/v2\/product_cat?post=4129"},{"taxonomy":"product_tag","embeddable":true,"href":"https:\/\/homeemotion.lt\/lt\/wp-json\/wp\/v2\/product_tag?post=4129"}],"curies":[{"name":"wp","href":"https:\/\/api.w.org\/{rel}","templated":true}]}}