{"id":4096,"date":"2018-12-10T22:30:46","date_gmt":"2018-12-10T19:30:46","guid":{"rendered":"http:\/\/marktrading.ee\/?post_type=product&#038;p=4096"},"modified":"2026-04-17T19:11:26","modified_gmt":"2026-04-17T16:11:26","slug":"veekeetja-domo-10-l","status":"publish","type":"product","link":"https:\/\/homeemotion.lt\/lt\/toode\/veekeetja-domo-10-l\/","title":{"rendered":"Domo 1,0 l virdulys, juodas"},"content":{"rendered":"","protected":false},"excerpt":{"rendered":"<p>maht 1,0 L. automaatne v\u00e4ljal\u00fclitus. veetaseme n\u00e4idik. valgustatud sisse- ja v\u00e4ljal\u00fclitamise nupp. kaetud k\u00fcttekeha. 360\u00b0 alusel p\u00f6\u00f6ratav. v\u00e4rv: must<\/p>\n<p>V\u00f5imsus 2200 W | v\u00e4rv: must<\/p>","protected":false},"featured_media":16963,"template":"","meta":{"om_disable_all_campaigns":false,"_uf_show_specific_survey":0,"_uf_disable_surveys":false},"product_brand":[933],"product_cat":[1006,1001,1010,1077],"product_tag":[116],"class_list":{"0":"post-4096","1":"product","2":"type-product","3":"status-publish","4":"has-post-thumbnail","6":"product_brand-domo","7":"product_cat-koogitehnika-tehnika","8":"product_cat-tehnika","9":"product_cat-veekeetjad","10":"product_cat-veekeetjad-veekeetjad","11":"product_tag-domo","13":"first","14":"instock","15":"taxable","16":"shipping-taxable","17":"purchasable","18":"product-type-simple"},"aioseo_notices":[],"_links":{"self":[{"href":"https:\/\/homeemotion.lt\/lt\/wp-json\/wp\/v2\/product\/4096","targetHints":{"allow":["GET"]}}],"collection":[{"href":"https:\/\/homeemotion.lt\/lt\/wp-json\/wp\/v2\/product"}],"about":[{"href":"https:\/\/homeemotion.lt\/lt\/wp-json\/wp\/v2\/types\/product"}],"wp:featuredmedia":[{"embeddable":true,"href":"https:\/\/homeemotion.lt\/lt\/wp-json\/wp\/v2\/media\/16963"}],"wp:attachment":[{"href":"https:\/\/homeemotion.lt\/lt\/wp-json\/wp\/v2\/media?parent=4096"}],"wp:term":[{"taxonomy":"product_brand","embeddable":true,"href":"https:\/\/homeemotion.lt\/lt\/wp-json\/wp\/v2\/product_brand?post=4096"},{"taxonomy":"product_cat","embeddable":true,"href":"https:\/\/homeemotion.lt\/lt\/wp-json\/wp\/v2\/product_cat?post=4096"},{"taxonomy":"product_tag","embeddable":true,"href":"https:\/\/homeemotion.lt\/lt\/wp-json\/wp\/v2\/product_tag?post=4096"}],"curies":[{"name":"wp","href":"https:\/\/api.w.org\/{rel}","templated":true}]}}