{"id":4066,"date":"2018-12-10T21:57:31","date_gmt":"2018-12-10T18:57:31","guid":{"rendered":"http:\/\/marktrading.ee\/?post_type=product&#038;p=4066"},"modified":"2026-04-21T14:13:21","modified_gmt":"2026-04-21T11:13:21","slug":"aroomi-difuuser-domo","status":"publish","type":"product","link":"https:\/\/homeemotion.lt\/lt\/toode\/aroomi-difuuser-domo\/","title":{"rendered":"Kvepal\u0173 difuzorius \"Domo\", juodas"},"content":{"rendered":"","protected":false},"excerpt":{"rendered":"<p>Eterini\u0173 aliej\u0173 aromaterapijos ir \u0161viesos terapijos prietaisas. Padeda suma\u017einti fizin\u0119 ir psichin\u0119 \u012ftamp\u0105. Automatinis i\u0161sijungimas. Korpuso apdaila: keramika. Vandens rezervuaro talpa 200 ml. matmenys: auk\u0161tis 15,5 cm, \u00d8 12 cm.<\/p>","protected":false},"featured_media":16968,"template":"","meta":{"om_disable_all_campaigns":false,"_uf_show_specific_survey":0,"_uf_disable_surveys":false},"product_brand":[933],"product_cat":[1036,955,1015],"product_tag":[116],"class_list":{"0":"post-4066","1":"product","2":"type-product","3":"status-publish","4":"has-post-thumbnail","6":"product_brand-domo","7":"product_cat-aroomi-difuuserid","8":"product_cat-kodu","9":"product_cat-kodutehnika-kodu","10":"product_tag-domo","12":"first","13":"instock","14":"taxable","15":"shipping-taxable","16":"purchasable","17":"product-type-simple"},"aioseo_notices":[],"_links":{"self":[{"href":"https:\/\/homeemotion.lt\/lt\/wp-json\/wp\/v2\/product\/4066","targetHints":{"allow":["GET"]}}],"collection":[{"href":"https:\/\/homeemotion.lt\/lt\/wp-json\/wp\/v2\/product"}],"about":[{"href":"https:\/\/homeemotion.lt\/lt\/wp-json\/wp\/v2\/types\/product"}],"wp:featuredmedia":[{"embeddable":true,"href":"https:\/\/homeemotion.lt\/lt\/wp-json\/wp\/v2\/media\/16968"}],"wp:attachment":[{"href":"https:\/\/homeemotion.lt\/lt\/wp-json\/wp\/v2\/media?parent=4066"}],"wp:term":[{"taxonomy":"product_brand","embeddable":true,"href":"https:\/\/homeemotion.lt\/lt\/wp-json\/wp\/v2\/product_brand?post=4066"},{"taxonomy":"product_cat","embeddable":true,"href":"https:\/\/homeemotion.lt\/lt\/wp-json\/wp\/v2\/product_cat?post=4066"},{"taxonomy":"product_tag","embeddable":true,"href":"https:\/\/homeemotion.lt\/lt\/wp-json\/wp\/v2\/product_tag?post=4066"}],"curies":[{"name":"wp","href":"https:\/\/api.w.org\/{rel}","templated":true}]}}