{"id":3616,"date":"2018-10-30T15:10:49","date_gmt":"2018-10-30T12:10:49","guid":{"rendered":"http:\/\/marktrading.ee\/?post_type=product&#038;p=3616"},"modified":"2026-04-17T19:11:26","modified_gmt":"2026-04-17T16:11:26","slug":"elektriline-pitsakupsetaja-domo","status":"publish","type":"product","link":"https:\/\/homeemotion.lt\/lt\/toode\/elektriline-pitsakupsetaja-domo\/","title":{"rendered":"\"Domo\" elektrin\u0117 pic\u0173 kepimo ma\u0161ina"},"content":{"rendered":"","protected":false},"excerpt":{"rendered":"<p>Sobib v\u00e4rskete ja k\u00fclmutatud pitsade k\u00fcpsetamiseks. v\u00f5imaldab valmistada ka omlette, pannkooke, pirukaid. pitsa valmib 12 minutiga. l\u00e4bim\u00f5\u00f5t 30 cm. mittenakkuva kattega k\u00fcpsetusplaadid. kaks k\u00fcttekeha. lihtne kasutada ja puhastada. v\u00f5imsus 1450 W. v\u00e4rv: punane<\/p>\n<p>v\u00f5imsus 1450 W | v\u00e4rv: punane<\/p>","protected":false},"featured_media":16959,"template":"","meta":{"om_disable_all_campaigns":false,"_uf_show_specific_survey":0,"_uf_disable_surveys":false},"product_brand":[933],"product_cat":[955,973,1032],"product_tag":[116],"class_list":{"0":"post-3616","1":"product","2":"type-product","3":"status-publish","4":"has-post-thumbnail","6":"product_brand-domo","7":"product_cat-kodu","8":"product_cat-koogitehnika","9":"product_cat-pitsakupsetajad","10":"product_tag-domo","12":"first","13":"instock","14":"taxable","15":"shipping-taxable","16":"purchasable","17":"product-type-simple"},"aioseo_notices":[],"_links":{"self":[{"href":"https:\/\/homeemotion.lt\/lt\/wp-json\/wp\/v2\/product\/3616","targetHints":{"allow":["GET"]}}],"collection":[{"href":"https:\/\/homeemotion.lt\/lt\/wp-json\/wp\/v2\/product"}],"about":[{"href":"https:\/\/homeemotion.lt\/lt\/wp-json\/wp\/v2\/types\/product"}],"wp:featuredmedia":[{"embeddable":true,"href":"https:\/\/homeemotion.lt\/lt\/wp-json\/wp\/v2\/media\/16959"}],"wp:attachment":[{"href":"https:\/\/homeemotion.lt\/lt\/wp-json\/wp\/v2\/media?parent=3616"}],"wp:term":[{"taxonomy":"product_brand","embeddable":true,"href":"https:\/\/homeemotion.lt\/lt\/wp-json\/wp\/v2\/product_brand?post=3616"},{"taxonomy":"product_cat","embeddable":true,"href":"https:\/\/homeemotion.lt\/lt\/wp-json\/wp\/v2\/product_cat?post=3616"},{"taxonomy":"product_tag","embeddable":true,"href":"https:\/\/homeemotion.lt\/lt\/wp-json\/wp\/v2\/product_tag?post=3616"}],"curies":[{"name":"wp","href":"https:\/\/api.w.org\/{rel}","templated":true}]}}