{"id":3612,"date":"2018-10-30T15:00:31","date_gmt":"2018-10-30T12:00:31","guid":{"rendered":"http:\/\/marktrading.ee\/?post_type=product&#038;p=3612"},"modified":"2026-04-17T19:11:26","modified_gmt":"2026-04-17T16:11:26","slug":"voileivagrill-domo-2","status":"publish","type":"product","link":"https:\/\/homeemotion.lt\/lt\/toode\/voileivagrill-domo-2\/","title":{"rendered":"\"Domo\" sumu\u0161tini\u0173 kepsnin\u0117 4 riekel\u0117ms"},"content":{"rendered":"","protected":false},"excerpt":{"rendered":"<p>Vienu metu pagamina 4 XXL dyd\u017eio sumu\u0161tinius (270\u00d7320 mm). 2 indikatori\u0173 lemput\u0117s. Nepridegan\u010dios kojel\u0117s. nepridegan\u010dios kepimo plok\u0161t\u0117s. Galingumas 1800 W. Spalva: balta.<\/p>\n<p>galia 1800 W | spalva: balta<\/p>","protected":false},"featured_media":16953,"template":"","meta":{"om_disable_all_campaigns":false,"_uf_show_specific_survey":0,"_uf_disable_surveys":false},"product_brand":[933],"product_cat":[1006,1001,1029],"product_tag":[116],"class_list":{"0":"post-3612","1":"product","2":"type-product","3":"status-publish","4":"has-post-thumbnail","6":"product_brand-domo","7":"product_cat-koogitehnika-tehnika","8":"product_cat-tehnika","9":"product_cat-voileivagrillid","10":"product_tag-domo","12":"first","13":"instock","14":"taxable","15":"shipping-taxable","16":"purchasable","17":"product-type-simple"},"aioseo_notices":[],"_links":{"self":[{"href":"https:\/\/homeemotion.lt\/lt\/wp-json\/wp\/v2\/product\/3612","targetHints":{"allow":["GET"]}}],"collection":[{"href":"https:\/\/homeemotion.lt\/lt\/wp-json\/wp\/v2\/product"}],"about":[{"href":"https:\/\/homeemotion.lt\/lt\/wp-json\/wp\/v2\/types\/product"}],"wp:featuredmedia":[{"embeddable":true,"href":"https:\/\/homeemotion.lt\/lt\/wp-json\/wp\/v2\/media\/16953"}],"wp:attachment":[{"href":"https:\/\/homeemotion.lt\/lt\/wp-json\/wp\/v2\/media?parent=3612"}],"wp:term":[{"taxonomy":"product_brand","embeddable":true,"href":"https:\/\/homeemotion.lt\/lt\/wp-json\/wp\/v2\/product_brand?post=3612"},{"taxonomy":"product_cat","embeddable":true,"href":"https:\/\/homeemotion.lt\/lt\/wp-json\/wp\/v2\/product_cat?post=3612"},{"taxonomy":"product_tag","embeddable":true,"href":"https:\/\/homeemotion.lt\/lt\/wp-json\/wp\/v2\/product_tag?post=3612"}],"curies":[{"name":"wp","href":"https:\/\/api.w.org\/{rel}","templated":true}]}}