{"id":3587,"date":"2018-10-25T16:10:46","date_gmt":"2018-10-25T13:10:46","guid":{"rendered":"http:\/\/marktrading.ee\/?post_type=product&#038;p=3587"},"modified":"2026-04-17T17:14:38","modified_gmt":"2026-04-17T14:14:38","slug":"voileivagrill-domo","status":"publish","type":"product","link":"https:\/\/homeemotion.lt\/lt\/toode\/voileivagrill-domo\/","title":{"rendered":"V\u00f5ileivagrill Domo XL plaadid,valge"},"content":{"rendered":"","protected":false},"excerpt":{"rendered":"<p>Valmistab korraga 2 XL v\u00f5ileiba (250&#215;150 mm). 2 m\u00e4rgutuld. mittelibisevad jalad. mittenakkuva kattega k\u00fcpsetusplaadid. v\u00f5imsus 900 W. v\u00e4rv: valge<\/p>\n<p>v\u00f5imsus 900 W | v\u00e4rv: valge<\/p>","protected":false},"featured_media":16952,"template":"","meta":{"om_disable_all_campaigns":false,"_uf_show_specific_survey":0,"_uf_disable_surveys":false},"product_brand":[933],"product_cat":[1006,1001,1029],"product_tag":[116],"class_list":{"0":"post-3587","1":"product","2":"type-product","3":"status-publish","4":"has-post-thumbnail","6":"product_brand-domo","7":"product_cat-koogitehnika-tehnika","8":"product_cat-tehnika","9":"product_cat-voileivagrillid","10":"product_tag-domo","12":"first","13":"instock","14":"taxable","15":"shipping-taxable","16":"purchasable","17":"product-type-simple"},"aioseo_notices":[],"_links":{"self":[{"href":"https:\/\/homeemotion.lt\/lt\/wp-json\/wp\/v2\/product\/3587","targetHints":{"allow":["GET"]}}],"collection":[{"href":"https:\/\/homeemotion.lt\/lt\/wp-json\/wp\/v2\/product"}],"about":[{"href":"https:\/\/homeemotion.lt\/lt\/wp-json\/wp\/v2\/types\/product"}],"wp:featuredmedia":[{"embeddable":true,"href":"https:\/\/homeemotion.lt\/lt\/wp-json\/wp\/v2\/media\/16952"}],"wp:attachment":[{"href":"https:\/\/homeemotion.lt\/lt\/wp-json\/wp\/v2\/media?parent=3587"}],"wp:term":[{"taxonomy":"product_brand","embeddable":true,"href":"https:\/\/homeemotion.lt\/lt\/wp-json\/wp\/v2\/product_brand?post=3587"},{"taxonomy":"product_cat","embeddable":true,"href":"https:\/\/homeemotion.lt\/lt\/wp-json\/wp\/v2\/product_cat?post=3587"},{"taxonomy":"product_tag","embeddable":true,"href":"https:\/\/homeemotion.lt\/lt\/wp-json\/wp\/v2\/product_tag?post=3587"}],"curies":[{"name":"wp","href":"https:\/\/api.w.org\/{rel}","templated":true}]}}