{"id":2276,"date":"2018-05-15T14:29:56","date_gmt":"2018-05-15T11:29:56","guid":{"rendered":"http:\/\/marktrading.ee\/shop\/uncategorized\/sorbo-pesunoor-20-m\/"},"modified":"2026-04-17T19:10:45","modified_gmt":"2026-04-17T16:10:45","slug":"sorbo-pesunoor-20-m","status":"publish","type":"product","link":"https:\/\/homeemotion.lt\/lt\/toode\/sorbo-pesunoor-20-m\/","title":{"rendered":"Skalbimo linija 20 m Sorbo"},"content":{"rendered":"","protected":false},"excerpt":{"rendered":"<p>Metallist s\u00fcdamik, v\u00e4ljast plastikust. Eriti tugev. Sobib kasutamiseks sise- ja v\u00e4litingimustes. N\u00f6\u00f6ri pikkus: 20 m. N\u00f6\u00f6ri l\u00e4bim\u00f5\u00f5t: 3,3mm. Valikus kolm v\u00e4rvi<\/p>","protected":false},"featured_media":16681,"template":"","meta":{"om_disable_all_campaigns":false,"_uf_show_specific_survey":0,"_uf_disable_surveys":false},"product_brand":[1085],"product_cat":[955,968,969],"product_tag":[245],"class_list":{"0":"post-2276","1":"product","2":"type-product","3":"status-publish","4":"has-post-thumbnail","6":"product_brand-sorbo","7":"product_cat-kodu","8":"product_cat-koristustarbed","9":"product_cat-pesupesemine","10":"product_tag-sorbo","12":"first","13":"instock","14":"taxable","15":"shipping-taxable","16":"purchasable","17":"product-type-simple"},"aioseo_notices":[],"_links":{"self":[{"href":"https:\/\/homeemotion.lt\/lt\/wp-json\/wp\/v2\/product\/2276","targetHints":{"allow":["GET"]}}],"collection":[{"href":"https:\/\/homeemotion.lt\/lt\/wp-json\/wp\/v2\/product"}],"about":[{"href":"https:\/\/homeemotion.lt\/lt\/wp-json\/wp\/v2\/types\/product"}],"wp:featuredmedia":[{"embeddable":true,"href":"https:\/\/homeemotion.lt\/lt\/wp-json\/wp\/v2\/media\/16681"}],"wp:attachment":[{"href":"https:\/\/homeemotion.lt\/lt\/wp-json\/wp\/v2\/media?parent=2276"}],"wp:term":[{"taxonomy":"product_brand","embeddable":true,"href":"https:\/\/homeemotion.lt\/lt\/wp-json\/wp\/v2\/product_brand?post=2276"},{"taxonomy":"product_cat","embeddable":true,"href":"https:\/\/homeemotion.lt\/lt\/wp-json\/wp\/v2\/product_cat?post=2276"},{"taxonomy":"product_tag","embeddable":true,"href":"https:\/\/homeemotion.lt\/lt\/wp-json\/wp\/v2\/product_tag?post=2276"}],"curies":[{"name":"wp","href":"https:\/\/api.w.org\/{rel}","templated":true}]}}