{"id":227,"date":"2017-09-27T11:42:42","date_gmt":"2017-09-27T08:42:42","guid":{"rendered":"http:\/\/marktrading.ee\/toode\/nina-krvakarva-likur\/"},"modified":"2026-04-17T17:14:41","modified_gmt":"2026-04-17T14:14:41","slug":"nina-krvakarva-likur","status":"publish","type":"product","link":"https:\/\/homeemotion.lt\/lt\/toode\/nina-krvakarva-likur\/","title":{"rendered":"Nosies ir aus\u0173 plauk\u0173 kirpimo ma\u0161in\u0117l\u0117 \"Babyliss"},"content":{"rendered":"","protected":false},"excerpt":{"rendered":"<p>\u00dcmar l\u00f5ikepea ohutuks ja kiireks ebameeldivate nina-ja k\u00f5rvakarvade eemaldamiseks. Kerge k\u00e4sitleda. Mugavam ja ohutum kui k\u00e4\u00e4rid. Eemaldatav l\u00f5ikepea. Mugav puhastada. Seade vajab t\u00f6\u00f6tamiseks \u00fchte AA-t\u00fc\u00fcpi patareid (ei kuulu komplekti)<\/p>","protected":false},"featured_media":16988,"template":"","meta":{"om_disable_all_campaigns":false,"_uf_show_specific_survey":0,"_uf_disable_surveys":false},"product_brand":[1087],"product_cat":[985,986,1076,991],"product_tag":[19],"class_list":{"0":"post-227","1":"product","2":"type-product","3":"status-publish","4":"has-post-thumbnail","6":"product_brand-babyliss","7":"product_cat-ilu","8":"product_cat-ilutooted","9":"product_cat-trimmerid-trimmerid","10":"product_cat-trimmerid","11":"product_tag-babyliss","13":"first","14":"instock","15":"taxable","16":"shipping-taxable","17":"purchasable","18":"product-type-simple"},"aioseo_notices":[],"_links":{"self":[{"href":"https:\/\/homeemotion.lt\/lt\/wp-json\/wp\/v2\/product\/227","targetHints":{"allow":["GET"]}}],"collection":[{"href":"https:\/\/homeemotion.lt\/lt\/wp-json\/wp\/v2\/product"}],"about":[{"href":"https:\/\/homeemotion.lt\/lt\/wp-json\/wp\/v2\/types\/product"}],"wp:featuredmedia":[{"embeddable":true,"href":"https:\/\/homeemotion.lt\/lt\/wp-json\/wp\/v2\/media\/16988"}],"wp:attachment":[{"href":"https:\/\/homeemotion.lt\/lt\/wp-json\/wp\/v2\/media?parent=227"}],"wp:term":[{"taxonomy":"product_brand","embeddable":true,"href":"https:\/\/homeemotion.lt\/lt\/wp-json\/wp\/v2\/product_brand?post=227"},{"taxonomy":"product_cat","embeddable":true,"href":"https:\/\/homeemotion.lt\/lt\/wp-json\/wp\/v2\/product_cat?post=227"},{"taxonomy":"product_tag","embeddable":true,"href":"https:\/\/homeemotion.lt\/lt\/wp-json\/wp\/v2\/product_tag?post=227"}],"curies":[{"name":"wp","href":"https:\/\/api.w.org\/{rel}","templated":true}]}}