{"id":2258,"date":"2018-05-15T14:29:53","date_gmt":"2018-05-15T11:29:53","guid":{"rendered":"http:\/\/marktrading.ee\/shop\/uncategorized\/elliotts-porandahari-pehme-harjas\/"},"modified":"2026-04-17T20:36:11","modified_gmt":"2026-04-17T17:36:11","slug":"elliotts-porandahari-pehme-harjas","status":"publish","type":"product","link":"https:\/\/homeemotion.lt\/lt\/toode\/elliotts-porandahari-pehme-harjas\/","title":{"rendered":"Grind\u0173 \u0161epetys \"Elliott\", mink\u0161ti \u0161eriai"},"content":{"rendered":"","protected":false},"excerpt":{"rendered":"<p>P\u00f5randahari varrega. Hari on pehmete harjastega. Pehme kummine m\u00f6\u00f6blikaitse harja otstes. Vars: 120cm<\/p>","protected":false},"featured_media":16677,"template":"","meta":{"om_disable_all_campaigns":false,"_uf_show_specific_survey":0,"_uf_disable_surveys":false},"product_brand":[1084],"product_cat":[975,955,968],"product_tag":[555],"class_list":{"0":"post-2258","1":"product","2":"type-product","3":"status-publish","4":"has-post-thumbnail","6":"product_brand-elliott","7":"product_cat-harjad-ja-mopid","8":"product_cat-kodu","9":"product_cat-koristustarbed","10":"product_tag-elliott","12":"first","13":"instock","14":"taxable","15":"shipping-taxable","16":"purchasable","17":"product-type-simple"},"aioseo_notices":[],"_links":{"self":[{"href":"https:\/\/homeemotion.lt\/lt\/wp-json\/wp\/v2\/product\/2258","targetHints":{"allow":["GET"]}}],"collection":[{"href":"https:\/\/homeemotion.lt\/lt\/wp-json\/wp\/v2\/product"}],"about":[{"href":"https:\/\/homeemotion.lt\/lt\/wp-json\/wp\/v2\/types\/product"}],"wp:featuredmedia":[{"embeddable":true,"href":"https:\/\/homeemotion.lt\/lt\/wp-json\/wp\/v2\/media\/16677"}],"wp:attachment":[{"href":"https:\/\/homeemotion.lt\/lt\/wp-json\/wp\/v2\/media?parent=2258"}],"wp:term":[{"taxonomy":"product_brand","embeddable":true,"href":"https:\/\/homeemotion.lt\/lt\/wp-json\/wp\/v2\/product_brand?post=2258"},{"taxonomy":"product_cat","embeddable":true,"href":"https:\/\/homeemotion.lt\/lt\/wp-json\/wp\/v2\/product_cat?post=2258"},{"taxonomy":"product_tag","embeddable":true,"href":"https:\/\/homeemotion.lt\/lt\/wp-json\/wp\/v2\/product_tag?post=2258"}],"curies":[{"name":"wp","href":"https:\/\/api.w.org\/{rel}","templated":true}]}}