{"id":2242,"date":"2018-05-15T14:29:51","date_gmt":"2018-05-15T11:29:51","guid":{"rendered":"http:\/\/marktrading.ee\/shop\/uncategorized\/elliotts-kuhvli-harja-komplekt\/"},"modified":"2026-04-17T19:10:44","modified_gmt":"2026-04-17T16:10:44","slug":"elliotts-kuhvli-harja-komplekt","status":"publish","type":"product","link":"https:\/\/homeemotion.lt\/lt\/toode\/elliotts-kuhvli-harja-komplekt\/","title":{"rendered":"Grind\u0173 \u0161epe\u010di\u0173 rinkinys su rankena \"Elliott"},"content":{"rendered":"","protected":false},"excerpt":{"rendered":"<p>Komplekti kuulub k\u00fchvel ja varrega hari. Mugav komplekt igap\u00e4evaseks kasutamiseks<\/p>","protected":false},"featured_media":16670,"template":"","meta":{"om_disable_all_campaigns":false,"_uf_show_specific_survey":0,"_uf_disable_surveys":false},"product_brand":[1084],"product_cat":[975,955,968],"product_tag":[555],"class_list":{"0":"post-2242","1":"product","2":"type-product","3":"status-publish","4":"has-post-thumbnail","6":"product_brand-elliott","7":"product_cat-harjad-ja-mopid","8":"product_cat-kodu","9":"product_cat-koristustarbed","10":"product_tag-elliott","12":"first","13":"instock","14":"taxable","15":"shipping-taxable","16":"purchasable","17":"product-type-simple"},"aioseo_notices":[],"_links":{"self":[{"href":"https:\/\/homeemotion.lt\/lt\/wp-json\/wp\/v2\/product\/2242","targetHints":{"allow":["GET"]}}],"collection":[{"href":"https:\/\/homeemotion.lt\/lt\/wp-json\/wp\/v2\/product"}],"about":[{"href":"https:\/\/homeemotion.lt\/lt\/wp-json\/wp\/v2\/types\/product"}],"wp:featuredmedia":[{"embeddable":true,"href":"https:\/\/homeemotion.lt\/lt\/wp-json\/wp\/v2\/media\/16670"}],"wp:attachment":[{"href":"https:\/\/homeemotion.lt\/lt\/wp-json\/wp\/v2\/media?parent=2242"}],"wp:term":[{"taxonomy":"product_brand","embeddable":true,"href":"https:\/\/homeemotion.lt\/lt\/wp-json\/wp\/v2\/product_brand?post=2242"},{"taxonomy":"product_cat","embeddable":true,"href":"https:\/\/homeemotion.lt\/lt\/wp-json\/wp\/v2\/product_cat?post=2242"},{"taxonomy":"product_tag","embeddable":true,"href":"https:\/\/homeemotion.lt\/lt\/wp-json\/wp\/v2\/product_tag?post=2242"}],"curies":[{"name":"wp","href":"https:\/\/api.w.org\/{rel}","templated":true}]}}