{"id":2233,"date":"2018-05-15T14:29:49","date_gmt":"2018-05-15T11:29:49","guid":{"rendered":"http:\/\/marktrading.ee\/shop\/uncategorized\/chef-aid-tulesuutaja-tuulekindel\/"},"modified":"2026-04-21T14:12:36","modified_gmt":"2026-04-21T11:12:36","slug":"chef-aid-tulesuutaja-tuulekindel","status":"publish","type":"product","link":"https:\/\/homeemotion.lt\/lt\/toode\/chef-aid-tulesuutaja-tuulekindel\/","title":{"rendered":"Vykdantysis vir\u0117jas Vir\u0117jo pagalba"},"content":{"rendered":"","protected":false},"excerpt":{"rendered":"<p>T\u00e4idetav. Lukustatav. Reguleeritav leek. Tuulekindel<\/p>","protected":false},"featured_media":16661,"template":"","meta":{"om_disable_all_campaigns":false,"_uf_show_specific_survey":0,"_uf_disable_surveys":false},"product_brand":[1083],"product_cat":[974,955,973],"product_tag":[285],"class_list":{"0":"post-2233","1":"product","2":"type-product","3":"status-publish","4":"has-post-thumbnail","6":"product_brand-chef-aid","7":"product_cat-grillid","8":"product_cat-kodu","9":"product_cat-koogitehnika","10":"product_tag-chef-aid","12":"first","13":"instock","14":"taxable","15":"shipping-taxable","16":"purchasable","17":"product-type-simple"},"aioseo_notices":[],"_links":{"self":[{"href":"https:\/\/homeemotion.lt\/lt\/wp-json\/wp\/v2\/product\/2233","targetHints":{"allow":["GET"]}}],"collection":[{"href":"https:\/\/homeemotion.lt\/lt\/wp-json\/wp\/v2\/product"}],"about":[{"href":"https:\/\/homeemotion.lt\/lt\/wp-json\/wp\/v2\/types\/product"}],"wp:featuredmedia":[{"embeddable":true,"href":"https:\/\/homeemotion.lt\/lt\/wp-json\/wp\/v2\/media\/16661"}],"wp:attachment":[{"href":"https:\/\/homeemotion.lt\/lt\/wp-json\/wp\/v2\/media?parent=2233"}],"wp:term":[{"taxonomy":"product_brand","embeddable":true,"href":"https:\/\/homeemotion.lt\/lt\/wp-json\/wp\/v2\/product_brand?post=2233"},{"taxonomy":"product_cat","embeddable":true,"href":"https:\/\/homeemotion.lt\/lt\/wp-json\/wp\/v2\/product_cat?post=2233"},{"taxonomy":"product_tag","embeddable":true,"href":"https:\/\/homeemotion.lt\/lt\/wp-json\/wp\/v2\/product_tag?post=2233"}],"curies":[{"name":"wp","href":"https:\/\/api.w.org\/{rel}","templated":true}]}}