{"id":2221,"date":"2018-05-15T14:29:47","date_gmt":"2018-05-15T11:29:47","guid":{"rendered":"http:\/\/marktrading.ee\/shop\/uncategorized\/chef-aid-loikelaud-bambus-25-x-15-x-15\/"},"modified":"2026-04-17T21:36:47","modified_gmt":"2026-04-17T18:36:47","slug":"chef-aid-loikelaud-bambus-25-x-15-x-15","status":"publish","type":"product","link":"https:\/\/homeemotion.lt\/lt\/toode\/chef-aid-loikelaud-bambus-25-x-15-x-15\/","title":{"rendered":"Pjaustymo lenta bambuko 25x15x1,5cm Chef Aid"},"content":{"rendered":"","protected":false},"excerpt":{"rendered":"<p>Bambusest l\u00f5ikelaud. M\u00f5\u00f5dud: 25 x 15 x 1,5cm<\/p>","protected":false},"featured_media":16655,"template":"","meta":{"om_disable_all_campaigns":false,"_uf_show_specific_survey":0,"_uf_disable_surveys":false},"product_brand":[1083],"product_cat":[955,956,971,960],"product_tag":[285],"class_list":{"0":"post-2221","1":"product","2":"type-product","3":"status-publish","4":"has-post-thumbnail","6":"product_brand-chef-aid","7":"product_cat-kodu","8":"product_cat-koogitarvikud","9":"product_cat-loikelauad","10":"product_cat-lusikad-ja-noad-kahvlid","11":"product_tag-chef-aid","13":"first","14":"instock","15":"taxable","16":"shipping-taxable","17":"purchasable","18":"product-type-simple"},"aioseo_notices":[],"_links":{"self":[{"href":"https:\/\/homeemotion.lt\/lt\/wp-json\/wp\/v2\/product\/2221","targetHints":{"allow":["GET"]}}],"collection":[{"href":"https:\/\/homeemotion.lt\/lt\/wp-json\/wp\/v2\/product"}],"about":[{"href":"https:\/\/homeemotion.lt\/lt\/wp-json\/wp\/v2\/types\/product"}],"wp:featuredmedia":[{"embeddable":true,"href":"https:\/\/homeemotion.lt\/lt\/wp-json\/wp\/v2\/media\/16655"}],"wp:attachment":[{"href":"https:\/\/homeemotion.lt\/lt\/wp-json\/wp\/v2\/media?parent=2221"}],"wp:term":[{"taxonomy":"product_brand","embeddable":true,"href":"https:\/\/homeemotion.lt\/lt\/wp-json\/wp\/v2\/product_brand?post=2221"},{"taxonomy":"product_cat","embeddable":true,"href":"https:\/\/homeemotion.lt\/lt\/wp-json\/wp\/v2\/product_cat?post=2221"},{"taxonomy":"product_tag","embeddable":true,"href":"https:\/\/homeemotion.lt\/lt\/wp-json\/wp\/v2\/product_tag?post=2221"}],"curies":[{"name":"wp","href":"https:\/\/api.w.org\/{rel}","templated":true}]}}