{"id":2205,"date":"2018-05-15T14:29:44","date_gmt":"2018-05-15T11:29:44","guid":{"rendered":"http:\/\/marktrading.ee\/shop\/uncategorized\/chef-aid-ahjuvorm-32-x-22-x-5\/"},"modified":"2026-04-17T19:10:43","modified_gmt":"2026-04-17T16:10:43","slug":"chef-aid-ahjuvorm-32-x-22-x-5","status":"publish","type":"product","link":"https:\/\/homeemotion.lt\/lt\/toode\/chef-aid-ahjuvorm-32-x-22-x-5\/","title":{"rendered":"Orkait\u0117s forma 32x22x5cm \"Chef Aid"},"content":{"rendered":"","protected":false},"excerpt":{"rendered":"<p>Mittenakkuva pinnaga. Kerge puhastada. L\u00e4bim\u00f5\u00f5t: 32cm x 22cm x 5cm<\/p>","protected":false},"featured_media":16643,"template":"","meta":{"om_disable_all_campaigns":false,"_uf_show_specific_survey":0,"_uf_disable_surveys":false},"product_brand":[1083],"product_cat":[955,956,957],"product_tag":[285],"class_list":{"0":"post-2205","1":"product","2":"type-product","3":"status-publish","4":"has-post-thumbnail","6":"product_brand-chef-aid","7":"product_cat-kodu","8":"product_cat-koogitarvikud","9":"product_cat-kupsetustarvikud","10":"product_tag-chef-aid","12":"first","13":"instock","14":"taxable","15":"shipping-taxable","16":"purchasable","17":"product-type-simple"},"aioseo_notices":[],"_links":{"self":[{"href":"https:\/\/homeemotion.lt\/lt\/wp-json\/wp\/v2\/product\/2205","targetHints":{"allow":["GET"]}}],"collection":[{"href":"https:\/\/homeemotion.lt\/lt\/wp-json\/wp\/v2\/product"}],"about":[{"href":"https:\/\/homeemotion.lt\/lt\/wp-json\/wp\/v2\/types\/product"}],"wp:featuredmedia":[{"embeddable":true,"href":"https:\/\/homeemotion.lt\/lt\/wp-json\/wp\/v2\/media\/16643"}],"wp:attachment":[{"href":"https:\/\/homeemotion.lt\/lt\/wp-json\/wp\/v2\/media?parent=2205"}],"wp:term":[{"taxonomy":"product_brand","embeddable":true,"href":"https:\/\/homeemotion.lt\/lt\/wp-json\/wp\/v2\/product_brand?post=2205"},{"taxonomy":"product_cat","embeddable":true,"href":"https:\/\/homeemotion.lt\/lt\/wp-json\/wp\/v2\/product_cat?post=2205"},{"taxonomy":"product_tag","embeddable":true,"href":"https:\/\/homeemotion.lt\/lt\/wp-json\/wp\/v2\/product_tag?post=2205"}],"curies":[{"name":"wp","href":"https:\/\/api.w.org\/{rel}","templated":true}]}}