{"id":2177,"date":"2018-05-15T14:29:40","date_gmt":"2018-05-15T11:29:40","guid":{"rendered":"http:\/\/marktrading.ee\/shop\/uncategorized\/chef-aid-sibulahoidja\/"},"modified":"2026-04-21T14:12:35","modified_gmt":"2026-04-21T11:12:35","slug":"chef-aid-sibulahoidja","status":"publish","type":"product","link":"https:\/\/homeemotion.lt\/lt\/toode\/chef-aid-sibulahoidja\/","title":{"rendered":"Svog\u016bn\u0173 laikiklis \"Chef Aid"},"content":{"rendered":"","protected":false},"excerpt":{"rendered":"<p>Abivahend lihtsustab sibula viilutamist. &#8220;Piide&#8221; vahelt noaga l\u00f5igates, tekivad \u00fchesuurused sibular\u00f5ngad.. Plastikust k\u00e4epide<\/p>","protected":false},"featured_media":16623,"template":"","meta":{"om_disable_all_campaigns":false,"_uf_show_specific_survey":0,"_uf_disable_surveys":false},"product_brand":[1083],"product_cat":[963,955,956],"product_tag":[285],"class_list":{"0":"post-2177","1":"product","2":"type-product","3":"status-publish","4":"has-post-thumbnail","6":"product_brand-chef-aid","7":"product_cat-anumad-ja-mootetarvikud","8":"product_cat-kodu","9":"product_cat-koogitarvikud","10":"product_tag-chef-aid","12":"first","13":"instock","14":"taxable","15":"shipping-taxable","16":"purchasable","17":"product-type-simple"},"aioseo_notices":[],"_links":{"self":[{"href":"https:\/\/homeemotion.lt\/lt\/wp-json\/wp\/v2\/product\/2177","targetHints":{"allow":["GET"]}}],"collection":[{"href":"https:\/\/homeemotion.lt\/lt\/wp-json\/wp\/v2\/product"}],"about":[{"href":"https:\/\/homeemotion.lt\/lt\/wp-json\/wp\/v2\/types\/product"}],"wp:featuredmedia":[{"embeddable":true,"href":"https:\/\/homeemotion.lt\/lt\/wp-json\/wp\/v2\/media\/16623"}],"wp:attachment":[{"href":"https:\/\/homeemotion.lt\/lt\/wp-json\/wp\/v2\/media?parent=2177"}],"wp:term":[{"taxonomy":"product_brand","embeddable":true,"href":"https:\/\/homeemotion.lt\/lt\/wp-json\/wp\/v2\/product_brand?post=2177"},{"taxonomy":"product_cat","embeddable":true,"href":"https:\/\/homeemotion.lt\/lt\/wp-json\/wp\/v2\/product_cat?post=2177"},{"taxonomy":"product_tag","embeddable":true,"href":"https:\/\/homeemotion.lt\/lt\/wp-json\/wp\/v2\/product_tag?post=2177"}],"curies":[{"name":"wp","href":"https:\/\/api.w.org\/{rel}","templated":true}]}}