{"id":2174,"date":"2018-05-15T14:29:39","date_gmt":"2018-05-15T11:29:39","guid":{"rendered":"http:\/\/marktrading.ee\/shop\/uncategorized\/chef-aid-ratiku-riputusklambrid-5-tk\/"},"modified":"2026-04-17T19:10:42","modified_gmt":"2026-04-17T16:10:42","slug":"chef-aid-ratiku-riputusklambrid-5-tk","status":"publish","type":"product","link":"https:\/\/homeemotion.lt\/lt\/toode\/chef-aid-ratiku-riputusklambrid-5-tk\/","title":{"rendered":"Rank\u0161luos\u010di\u0173 kabinimo spaustukai \"Chef Aid"},"content":{"rendered":"","protected":false},"excerpt":{"rendered":"<p>Komplektis 5tk<\/p>","protected":false},"featured_media":16621,"template":"","meta":{"om_disable_all_campaigns":false,"_uf_show_specific_survey":0,"_uf_disable_surveys":false},"product_brand":[1083],"product_cat":[962,955,956],"product_tag":[285],"class_list":{"0":"post-2174","1":"product","2":"type-product","3":"status-publish","4":"has-post-thumbnail","6":"product_brand-chef-aid","7":"product_cat-kinnitusvahendid","8":"product_cat-kodu","9":"product_cat-koogitarvikud","10":"product_tag-chef-aid","12":"first","13":"instock","14":"taxable","15":"shipping-taxable","16":"purchasable","17":"product-type-simple"},"aioseo_notices":[],"_links":{"self":[{"href":"https:\/\/homeemotion.lt\/lt\/wp-json\/wp\/v2\/product\/2174","targetHints":{"allow":["GET"]}}],"collection":[{"href":"https:\/\/homeemotion.lt\/lt\/wp-json\/wp\/v2\/product"}],"about":[{"href":"https:\/\/homeemotion.lt\/lt\/wp-json\/wp\/v2\/types\/product"}],"wp:featuredmedia":[{"embeddable":true,"href":"https:\/\/homeemotion.lt\/lt\/wp-json\/wp\/v2\/media\/16621"}],"wp:attachment":[{"href":"https:\/\/homeemotion.lt\/lt\/wp-json\/wp\/v2\/media?parent=2174"}],"wp:term":[{"taxonomy":"product_brand","embeddable":true,"href":"https:\/\/homeemotion.lt\/lt\/wp-json\/wp\/v2\/product_brand?post=2174"},{"taxonomy":"product_cat","embeddable":true,"href":"https:\/\/homeemotion.lt\/lt\/wp-json\/wp\/v2\/product_cat?post=2174"},{"taxonomy":"product_tag","embeddable":true,"href":"https:\/\/homeemotion.lt\/lt\/wp-json\/wp\/v2\/product_tag?post=2174"}],"curies":[{"name":"wp","href":"https:\/\/api.w.org\/{rel}","templated":true}]}}