{"id":2163,"date":"2018-05-15T14:29:37","date_gmt":"2018-05-15T11:29:37","guid":{"rendered":"http:\/\/marktrading.ee\/shop\/uncategorized\/chef-aid-soel-metall-7-cm\/"},"modified":"2026-04-17T21:36:45","modified_gmt":"2026-04-17T18:36:45","slug":"chef-aid-soel-metall-7-cm","status":"publish","type":"product","link":"https:\/\/homeemotion.lt\/lt\/toode\/chef-aid-soel-metall-7-cm\/","title":{"rendered":"Metalinis sietelis 7 cm \"Chef Aid"},"content":{"rendered":"","protected":false},"excerpt":{"rendered":"<p>Chef Aid metalls\u00f5el on l\u00e4bim\u00f5\u00f5duga 7cm<\/p>","protected":false},"featured_media":16610,"template":"","meta":{"om_disable_all_campaigns":false,"_uf_show_specific_survey":0,"_uf_disable_surveys":false},"product_brand":[1083],"product_cat":[955,956,960],"product_tag":[285],"class_list":{"0":"post-2163","1":"product","2":"type-product","3":"status-publish","4":"has-post-thumbnail","6":"product_brand-chef-aid","7":"product_cat-kodu","8":"product_cat-koogitarvikud","9":"product_cat-lusikad-ja-noad-kahvlid","10":"product_tag-chef-aid","12":"first","13":"instock","14":"taxable","15":"shipping-taxable","16":"purchasable","17":"product-type-simple"},"aioseo_notices":[],"_links":{"self":[{"href":"https:\/\/homeemotion.lt\/lt\/wp-json\/wp\/v2\/product\/2163","targetHints":{"allow":["GET"]}}],"collection":[{"href":"https:\/\/homeemotion.lt\/lt\/wp-json\/wp\/v2\/product"}],"about":[{"href":"https:\/\/homeemotion.lt\/lt\/wp-json\/wp\/v2\/types\/product"}],"wp:featuredmedia":[{"embeddable":true,"href":"https:\/\/homeemotion.lt\/lt\/wp-json\/wp\/v2\/media\/16610"}],"wp:attachment":[{"href":"https:\/\/homeemotion.lt\/lt\/wp-json\/wp\/v2\/media?parent=2163"}],"wp:term":[{"taxonomy":"product_brand","embeddable":true,"href":"https:\/\/homeemotion.lt\/lt\/wp-json\/wp\/v2\/product_brand?post=2163"},{"taxonomy":"product_cat","embeddable":true,"href":"https:\/\/homeemotion.lt\/lt\/wp-json\/wp\/v2\/product_cat?post=2163"},{"taxonomy":"product_tag","embeddable":true,"href":"https:\/\/homeemotion.lt\/lt\/wp-json\/wp\/v2\/product_tag?post=2163"}],"curies":[{"name":"wp","href":"https:\/\/api.w.org\/{rel}","templated":true}]}}