{"id":2136,"date":"2018-05-15T14:29:32","date_gmt":"2018-05-15T11:29:32","guid":{"rendered":"http:\/\/marktrading.ee\/shop\/uncategorized\/tala-muffinivormid-paberist-sinine-32-tk\/"},"modified":"2026-04-17T19:10:41","modified_gmt":"2026-04-17T16:10:41","slug":"tala-muffinivormid-paberist-sinine-32-tk","status":"publish","type":"product","link":"https:\/\/homeemotion.lt\/lt\/toode\/tala-muffinivormid-paberist-sinine-32-tk\/","title":{"rendered":"Keksiuk\u0173 formel\u0117s popierin\u0117s 32 vnt. \"Tala\", m\u0117lynos spalvos"},"content":{"rendered":"","protected":false},"excerpt":{"rendered":"<p>Tala paberist muffinivormid 32tk. L\u00e4bim\u00f5\u00f5t \u00fclevalt: 8cm. L\u00e4bim\u00f5\u00f5t alt: 5cm. K\u00f5rgus: 4cm. V\u00e4rv: sinine<\/p>\n<p>V\u00e4rv: sinine<\/p>","protected":false},"featured_media":16609,"template":"","meta":{"om_disable_all_campaigns":false,"_uf_show_specific_survey":0,"_uf_disable_surveys":false},"product_brand":[1082],"product_cat":[955,956,960],"product_tag":[266],"class_list":{"0":"post-2136","1":"product","2":"type-product","3":"status-publish","4":"has-post-thumbnail","6":"product_brand-tala","7":"product_cat-kodu","8":"product_cat-koogitarvikud","9":"product_cat-lusikad-ja-noad-kahvlid","10":"product_tag-tala","12":"first","13":"instock","14":"taxable","15":"shipping-taxable","16":"purchasable","17":"product-type-simple"},"aioseo_notices":[],"_links":{"self":[{"href":"https:\/\/homeemotion.lt\/lt\/wp-json\/wp\/v2\/product\/2136","targetHints":{"allow":["GET"]}}],"collection":[{"href":"https:\/\/homeemotion.lt\/lt\/wp-json\/wp\/v2\/product"}],"about":[{"href":"https:\/\/homeemotion.lt\/lt\/wp-json\/wp\/v2\/types\/product"}],"wp:featuredmedia":[{"embeddable":true,"href":"https:\/\/homeemotion.lt\/lt\/wp-json\/wp\/v2\/media\/16609"}],"wp:attachment":[{"href":"https:\/\/homeemotion.lt\/lt\/wp-json\/wp\/v2\/media?parent=2136"}],"wp:term":[{"taxonomy":"product_brand","embeddable":true,"href":"https:\/\/homeemotion.lt\/lt\/wp-json\/wp\/v2\/product_brand?post=2136"},{"taxonomy":"product_cat","embeddable":true,"href":"https:\/\/homeemotion.lt\/lt\/wp-json\/wp\/v2\/product_cat?post=2136"},{"taxonomy":"product_tag","embeddable":true,"href":"https:\/\/homeemotion.lt\/lt\/wp-json\/wp\/v2\/product_tag?post=2136"}],"curies":[{"name":"wp","href":"https:\/\/api.w.org\/{rel}","templated":true}]}}