{"id":2133,"date":"2018-05-15T14:29:31","date_gmt":"2018-05-15T11:29:31","guid":{"rendered":"http:\/\/marktrading.ee\/shop\/uncategorized\/tala-veinipudeliavaja\/"},"modified":"2026-04-17T19:10:41","modified_gmt":"2026-04-17T16:10:41","slug":"tala-veinipudeliavaja","status":"publish","type":"product","link":"https:\/\/homeemotion.lt\/lt\/toode\/tala-veinipudeliavaja\/","title":{"rendered":"Vyno buteli\u0173 atidarytuvas Tala"},"content":{"rendered":"","protected":false},"excerpt":{"rendered":"<p>Veinipudeli avaja 3 \u00fches: sisaldab nii korgitseri, nuga fooliumi l\u00f5ikamiseks kui ka avajat<\/p>","protected":false},"featured_media":16607,"template":"","meta":{"om_disable_all_campaigns":false,"_uf_show_specific_survey":0,"_uf_disable_surveys":false},"product_brand":[1082],"product_cat":[961,955,956],"product_tag":[266],"class_list":{"0":"post-2133","1":"product","2":"type-product","3":"status-publish","4":"has-post-thumbnail","6":"product_brand-tala","7":"product_cat-joogitarvikud","8":"product_cat-kodu","9":"product_cat-koogitarvikud","10":"product_tag-tala","12":"first","13":"instock","14":"taxable","15":"shipping-taxable","16":"purchasable","17":"product-type-simple"},"aioseo_notices":[],"_links":{"self":[{"href":"https:\/\/homeemotion.lt\/lt\/wp-json\/wp\/v2\/product\/2133","targetHints":{"allow":["GET"]}}],"collection":[{"href":"https:\/\/homeemotion.lt\/lt\/wp-json\/wp\/v2\/product"}],"about":[{"href":"https:\/\/homeemotion.lt\/lt\/wp-json\/wp\/v2\/types\/product"}],"wp:featuredmedia":[{"embeddable":true,"href":"https:\/\/homeemotion.lt\/lt\/wp-json\/wp\/v2\/media\/16607"}],"wp:attachment":[{"href":"https:\/\/homeemotion.lt\/lt\/wp-json\/wp\/v2\/media?parent=2133"}],"wp:term":[{"taxonomy":"product_brand","embeddable":true,"href":"https:\/\/homeemotion.lt\/lt\/wp-json\/wp\/v2\/product_brand?post=2133"},{"taxonomy":"product_cat","embeddable":true,"href":"https:\/\/homeemotion.lt\/lt\/wp-json\/wp\/v2\/product_cat?post=2133"},{"taxonomy":"product_tag","embeddable":true,"href":"https:\/\/homeemotion.lt\/lt\/wp-json\/wp\/v2\/product_tag?post=2133"}],"curies":[{"name":"wp","href":"https:\/\/api.w.org\/{rel}","templated":true}]}}