{"id":2119,"date":"2018-05-15T14:29:29","date_gmt":"2018-05-15T11:29:29","guid":{"rendered":"http:\/\/marktrading.ee\/shop\/uncategorized\/tala-tulesuutaja-taidetav\/"},"modified":"2026-04-17T17:36:14","modified_gmt":"2026-04-17T14:36:14","slug":"tala-tulesuutaja-taidetav","status":"publish","type":"product","link":"https:\/\/homeemotion.lt\/lt\/toode\/tala-tulesuutaja-taidetav\/","title":{"rendered":"U\u017epildomas pluo\u0161to u\u017epildas"},"content":{"rendered":"","protected":false},"excerpt":{"rendered":"","protected":false},"featured_media":16591,"template":"","meta":{"om_disable_all_campaigns":false,"_uf_show_specific_survey":0,"_uf_disable_surveys":false},"product_brand":[1082],"product_cat":[955,956,959],"product_tag":[266],"class_list":{"0":"post-2119","1":"product","2":"type-product","3":"status-publish","4":"has-post-thumbnail","6":"product_brand-tala","7":"product_cat-kodu","8":"product_cat-koogitarvikud","9":"product_cat-koorijad-riivid-ja-loikurid","10":"product_tag-tala","12":"first","13":"instock","14":"taxable","15":"shipping-taxable","16":"purchasable","17":"product-type-simple"},"aioseo_notices":[],"_links":{"self":[{"href":"https:\/\/homeemotion.lt\/lt\/wp-json\/wp\/v2\/product\/2119","targetHints":{"allow":["GET"]}}],"collection":[{"href":"https:\/\/homeemotion.lt\/lt\/wp-json\/wp\/v2\/product"}],"about":[{"href":"https:\/\/homeemotion.lt\/lt\/wp-json\/wp\/v2\/types\/product"}],"wp:featuredmedia":[{"embeddable":true,"href":"https:\/\/homeemotion.lt\/lt\/wp-json\/wp\/v2\/media\/16591"}],"wp:attachment":[{"href":"https:\/\/homeemotion.lt\/lt\/wp-json\/wp\/v2\/media?parent=2119"}],"wp:term":[{"taxonomy":"product_brand","embeddable":true,"href":"https:\/\/homeemotion.lt\/lt\/wp-json\/wp\/v2\/product_brand?post=2119"},{"taxonomy":"product_cat","embeddable":true,"href":"https:\/\/homeemotion.lt\/lt\/wp-json\/wp\/v2\/product_cat?post=2119"},{"taxonomy":"product_tag","embeddable":true,"href":"https:\/\/homeemotion.lt\/lt\/wp-json\/wp\/v2\/product_tag?post=2119"}],"curies":[{"name":"wp","href":"https:\/\/api.w.org\/{rel}","templated":true}]}}