{"id":2114,"date":"2018-05-15T14:29:28","date_gmt":"2018-05-15T11:29:28","guid":{"rendered":"http:\/\/marktrading.ee\/shop\/uncategorized\/tala-muffinivormid-paberist-varviline-32-tk\/"},"modified":"2026-04-17T19:10:40","modified_gmt":"2026-04-17T16:10:40","slug":"tala-muffinivormid-paberist-varviline-32-tk","status":"publish","type":"product","link":"https:\/\/homeemotion.lt\/lt\/toode\/tala-muffinivormid-paberist-varviline-32-tk\/","title":{"rendered":"Popierin\u0117s keksiuk\u0173 formel\u0117s 32 vnt."},"content":{"rendered":"","protected":false},"excerpt":{"rendered":"<p>Tala paberist muffinivormid 32tk. L\u00e4bim\u00f5\u00f5t \u00fclevalt: 8cm. L\u00e4bim\u00f5\u00f5t alt: 5cm. K\u00f5rgus: 4cm. V\u00e4rv: v\u00e4rviline<\/p>\n<p>V\u00e4rv: v\u00e4rviline<\/p>","protected":false},"featured_media":16586,"template":"","meta":{"om_disable_all_campaigns":false,"_uf_show_specific_survey":0,"_uf_disable_surveys":false},"product_brand":[1082],"product_cat":[955,956,957],"product_tag":[266],"class_list":{"0":"post-2114","1":"product","2":"type-product","3":"status-publish","4":"has-post-thumbnail","6":"product_brand-tala","7":"product_cat-kodu","8":"product_cat-koogitarvikud","9":"product_cat-kupsetustarvikud","10":"product_tag-tala","12":"first","13":"instock","14":"taxable","15":"shipping-taxable","16":"purchasable","17":"product-type-simple"},"aioseo_notices":[],"_links":{"self":[{"href":"https:\/\/homeemotion.lt\/lt\/wp-json\/wp\/v2\/product\/2114","targetHints":{"allow":["GET"]}}],"collection":[{"href":"https:\/\/homeemotion.lt\/lt\/wp-json\/wp\/v2\/product"}],"about":[{"href":"https:\/\/homeemotion.lt\/lt\/wp-json\/wp\/v2\/types\/product"}],"wp:featuredmedia":[{"embeddable":true,"href":"https:\/\/homeemotion.lt\/lt\/wp-json\/wp\/v2\/media\/16586"}],"wp:attachment":[{"href":"https:\/\/homeemotion.lt\/lt\/wp-json\/wp\/v2\/media?parent=2114"}],"wp:term":[{"taxonomy":"product_brand","embeddable":true,"href":"https:\/\/homeemotion.lt\/lt\/wp-json\/wp\/v2\/product_brand?post=2114"},{"taxonomy":"product_cat","embeddable":true,"href":"https:\/\/homeemotion.lt\/lt\/wp-json\/wp\/v2\/product_cat?post=2114"},{"taxonomy":"product_tag","embeddable":true,"href":"https:\/\/homeemotion.lt\/lt\/wp-json\/wp\/v2\/product_tag?post=2114"}],"curies":[{"name":"wp","href":"https:\/\/api.w.org\/{rel}","templated":true}]}}