{"id":202,"date":"2017-09-27T11:42:36","date_gmt":"2017-09-27T08:42:36","guid":{"rendered":"http:\/\/marktrading.ee\/toode\/lokitangid-pro-180-sublimtouch-kate-38mm\/"},"modified":"2026-04-17T20:36:23","modified_gmt":"2026-04-17T17:36:23","slug":"lokitangid-pro-180-sublimtouch-kate-38mm","status":"publish","type":"product","link":"https:\/\/homeemotion.lt\/lt\/toode\/lokitangid-pro-180-sublimtouch-kate-38mm\/","title":{"rendered":"Garbanojimo \u017enypl\u0117s Babyliss Pro 180, 38 mm"},"content":{"rendered":"","protected":false},"excerpt":{"rendered":"<p>Lokitangide l\u00e4bim\u00f5\u00f5t 38mm. Maksimaalne temperatuur 180\u00b0C. 10 temperatuuri valikut. Mittekuumenev ots. P\u00f6\u00f6rlev juhe. Optimaalne temperatuur tagab kauakestvad lokid. Sobiv k\u00f5igile juukset\u00fc\u00fcpidele<\/p>","protected":false},"featured_media":16846,"template":"","meta":{"om_disable_all_campaigns":false,"_uf_show_specific_survey":0,"_uf_disable_surveys":false},"product_brand":[1087],"product_cat":[985,986,987],"product_tag":[19],"class_list":{"0":"post-202","1":"product","2":"type-product","3":"status-publish","4":"has-post-thumbnail","6":"product_brand-babyliss","7":"product_cat-ilu","8":"product_cat-ilutooted","9":"product_cat-lokitangid","10":"product_tag-babyliss","12":"first","13":"instock","14":"taxable","15":"shipping-taxable","16":"purchasable","17":"product-type-simple"},"aioseo_notices":[],"_links":{"self":[{"href":"https:\/\/homeemotion.lt\/lt\/wp-json\/wp\/v2\/product\/202","targetHints":{"allow":["GET"]}}],"collection":[{"href":"https:\/\/homeemotion.lt\/lt\/wp-json\/wp\/v2\/product"}],"about":[{"href":"https:\/\/homeemotion.lt\/lt\/wp-json\/wp\/v2\/types\/product"}],"wp:featuredmedia":[{"embeddable":true,"href":"https:\/\/homeemotion.lt\/lt\/wp-json\/wp\/v2\/media\/16846"}],"wp:attachment":[{"href":"https:\/\/homeemotion.lt\/lt\/wp-json\/wp\/v2\/media?parent=202"}],"wp:term":[{"taxonomy":"product_brand","embeddable":true,"href":"https:\/\/homeemotion.lt\/lt\/wp-json\/wp\/v2\/product_brand?post=202"},{"taxonomy":"product_cat","embeddable":true,"href":"https:\/\/homeemotion.lt\/lt\/wp-json\/wp\/v2\/product_cat?post=202"},{"taxonomy":"product_tag","embeddable":true,"href":"https:\/\/homeemotion.lt\/lt\/wp-json\/wp\/v2\/product_tag?post=202"}],"curies":[{"name":"wp","href":"https:\/\/api.w.org\/{rel}","templated":true}]}}