{"id":1764,"date":"2018-05-08T08:57:00","date_gmt":"2018-05-08T05:57:00","guid":{"rendered":"http:\/\/marktrading.ee\/shop\/uncategorized\/varstolmuimeja-2in1-li-ion-aku-144v-led-tuled\/"},"modified":"2026-04-17T17:36:30","modified_gmt":"2026-04-17T14:36:30","slug":"varstolmuimeja-2in1-li-ion-aku-144v-led-tuled","status":"publish","type":"product","link":"https:\/\/homeemotion.lt\/lt\/toode\/varstolmuimeja-2in1-li-ion-aku-144v-led-tuled\/","title":{"rendered":"Dulki\u0173 siurblys Domo 2in1 14,4V"},"content":{"rendered":"","protected":false},"excerpt":{"rendered":"<p>Kaks \u00fches varstolmuimeja, eemaldatava k\u00e4sitolmuimejaga. Tolmuanuma maht 0,5 L. Li-Ion aku 14,4 V. 2 kiiruse seadet. LED valgustus otsikul. Laadimisaeg 4-6 h. Kokkupandav vars<\/p>","protected":false},"featured_media":16905,"template":"","meta":{"om_disable_all_campaigns":false,"_uf_show_specific_survey":0,"_uf_disable_surveys":false},"product_brand":[933],"product_cat":[1002,1001,1014],"product_tag":[116],"class_list":{"0":"post-1764","1":"product","2":"type-product","3":"status-publish","4":"has-post-thumbnail","6":"product_brand-domo","7":"product_cat-kodutehnika","8":"product_cat-tehnika","9":"product_cat-varstolmuimeja","10":"product_tag-domo","12":"first","13":"instock","14":"taxable","15":"shipping-taxable","16":"purchasable","17":"product-type-simple"},"aioseo_notices":[],"_links":{"self":[{"href":"https:\/\/homeemotion.lt\/lt\/wp-json\/wp\/v2\/product\/1764","targetHints":{"allow":["GET"]}}],"collection":[{"href":"https:\/\/homeemotion.lt\/lt\/wp-json\/wp\/v2\/product"}],"about":[{"href":"https:\/\/homeemotion.lt\/lt\/wp-json\/wp\/v2\/types\/product"}],"wp:featuredmedia":[{"embeddable":true,"href":"https:\/\/homeemotion.lt\/lt\/wp-json\/wp\/v2\/media\/16905"}],"wp:attachment":[{"href":"https:\/\/homeemotion.lt\/lt\/wp-json\/wp\/v2\/media?parent=1764"}],"wp:term":[{"taxonomy":"product_brand","embeddable":true,"href":"https:\/\/homeemotion.lt\/lt\/wp-json\/wp\/v2\/product_brand?post=1764"},{"taxonomy":"product_cat","embeddable":true,"href":"https:\/\/homeemotion.lt\/lt\/wp-json\/wp\/v2\/product_cat?post=1764"},{"taxonomy":"product_tag","embeddable":true,"href":"https:\/\/homeemotion.lt\/lt\/wp-json\/wp\/v2\/product_tag?post=1764"}],"curies":[{"name":"wp","href":"https:\/\/api.w.org\/{rel}","templated":true}]}}